{"id":33,"date":"2015-09-29T22:59:32","date_gmt":"2015-09-29T22:59:32","guid":{"rendered":"http:\/\/casavacanzatoscana.it\/?page_id=33"},"modified":"2018-07-28T14:05:04","modified_gmt":"2018-07-28T14:05:04","slug":"map","status":"publish","type":"page","link":"https:\/\/casavacanzatoscana.it\/fr\/map\/","title":{"rendered":"Map"},"content":{"rendered":"<h2>Comment rejoindre Poggio Cantarello<\/h2>\n<p><div class=\"simplemap\"><div class=\"simplemap-content\" data-breakpoint=\"480\" data-lat=\"\" data-lng=\"\" data-zoom=\"16\" data-addr=\"\" data-infowindow=\"close\" data-map-type-control=\"false\" data-map-type-id=\"ROADMAP\" style=\"width:100%;height:200px;\">Strada di Poggio Cantarello, 94, 53043 Chiusi, SI<\/div><\/div><br \/>\n<a href=\"https:\/\/www.google.it\/maps\/place\/Str.+di+Poggio+Cantarello,+53043+Chiusi+SI\/@43.0245343,11.88439,17z\/data=!3m1!4b1!4m2!3m1!1s0x13295aa8b042ae53:0xc22b9e19d38650dc\" target=\"_blank\" rel=\"noopener\">Link to Google Maps<\/a><\/p>\n<h3>En voiture:<\/h3>\n<p>du nord et du sud : autoroute A1 Milano\/Napoli \u2013 sortir \u00e0 la sortie Chiusi-Chianciano Terme et poursuivre pour Chianciano.<br \/>\nApr\u00e8s 2 Km d\u00e9pass\u00e9e le concessionnaire Renault \u2013 tourner \u00e0 la premi\u00e8re route \u00e0 gauche (il y a un panneau segnal\u00e9tique qui indique Podere Baccano). Ensuite, pour 400 mt, tenir la gauche sur cette petite route blanche.<\/p>\n<h3>En train:<\/h3>\n<p>gare FS de Chiusi-hianciano Terme. A\u2019 la sortie de la gare vous trouverez des taxi set des bus pour Chianciano Terme et demandez au chauffeur l\u2019arr\u00eat plus proche de Poggio Cantarello (de toute fa\u00e7on apr\u00e8s le concessionnaire Renault).<\/p>\n<h3>En Avion:<\/h3>\n<p>les a\u00e9roports les plus proches sont ceux de Rome Fiumicino et de Florence Peretola.<\/p>\n","protected":false},"excerpt":{"rendered":"<p>Comment rejoindre Poggio Cantarello Link to Google Maps En voiture: du nord et du sud : autoroute A1 Milano\/Napoli \u2013 sortir \u00e0 la sortie Chiusi-Chianciano Terme et poursuivre pour Chianciano. Apr\u00e8s 2 Km d\u00e9pass\u00e9e le concessionnaire Renault \u2013 tourner \u00e0 la premi\u00e8re route \u00e0 gauche (il y a un panneau segnal\u00e9tique qui indique Podere Baccano). [&hellip;]<\/p>\n","protected":false},"author":1,"featured_media":0,"parent":0,"menu_order":0,"comment_status":"closed","ping_status":"closed","template":"template-full-width.php","meta":{"_joinchat":[],"footnotes":""},"class_list":["post-33","page","type-page","status-publish","hentry"],"translation":{"provider":"WPGlobus","version":"3.0.2","language":"fr","enabled_languages":["it","en","fr"],"languages":{"it":{"title":true,"content":true,"excerpt":false},"en":{"title":true,"content":true,"excerpt":false},"fr":{"title":true,"content":true,"excerpt":false}}},"yoast_head":"<!-- This site is optimized with the Yoast SEO plugin v27.5 - https:\/\/yoast.com\/product\/yoast-seo-wordpress\/ -->\n<title>Case Vacanze Toscana con piscina &quot;Poggio Cantarello&quot;<\/title>\n<meta name=\"robots\" content=\"index, follow, max-snippet:-1, max-image-preview:large, max-video-preview:-1\" \/>\n<link rel=\"canonical\" href=\"https:\/\/casavacanzatoscana.it\/map\/\" \/>\n<meta property=\"og:locale\" content=\"fr_FR\" \/>\n<meta property=\"og:type\" content=\"article\" \/>\n<meta property=\"og:title\" content=\"&#8902; Poggio Cantarello Maisonette de Campagne Toscane\" \/>\n<meta property=\"og:url\" content=\"https:\/\/casavacanzatoscana.it\/map\/\" \/>\n<meta property=\"og:site_name\" content=\"Poggio Cantarello Maisonette de Campagne Toscane\" \/>\n<meta property=\"article:modified_time\" content=\"2018-07-28T14:05:04+00:00\" \/>\n<meta property=\"og:image\" content=\"https:\/\/casavacanzatoscana.it\/wp-content\/uploads\/2015\/10\/coppia-camino.jpg\" \/>\n\t<meta property=\"og:image:width\" content=\"880\" \/>\n\t<meta property=\"og:image:height\" content=\"448\" \/>\n\t<meta property=\"og:image:type\" content=\"image\/jpeg\" \/>\n<meta name=\"twitter:card\" content=\"summary_large_image\" \/>\n<meta name=\"twitter:label1\" content=\"Dur\u00e9e de lecture estim\u00e9e\" \/>\n\t<meta name=\"twitter:data1\" content=\"3 minutes\" \/>\n<script type=\"application\/ld+json\" class=\"yoast-schema-graph\">{\"@context\":\"https:\\\/\\\/schema.org\",\"@graph\":[{\"@type\":\"WebPage\",\"@id\":\"https:\\\/\\\/casavacanzatoscana.it\\\/map\\\/\",\"url\":\"https:\\\/\\\/casavacanzatoscana.it\\\/map\\\/\",\"name\":\"Case Vacanze Toscana con piscina \\\"Poggio Cantarello\\\"\",\"isPartOf\":{\"@id\":\"https:\\\/\\\/casavacanzatoscana.it\\\/#website\"},\"datePublished\":\"2015-09-29T22:59:32+00:00\",\"dateModified\":\"2018-07-28T14:05:04+00:00\",\"description\":\"Case Vacanze Toscana con piscina di acqua salata nella Campagna senese per trascorrere le vacanze tra i profumi e le fraganze della campagna senese\",\"breadcrumb\":{\"@id\":\"https:\\\/\\\/casavacanzatoscana.it\\\/map\\\/#breadcrumb\"},\"inLanguage\":\"fr-FR\",\"potentialAction\":[{\"@type\":\"ReadAction\",\"target\":[\"https:\\\/\\\/casavacanzatoscana.it\\\/map\\\/\"]}]},{\"@type\":\"BreadcrumbList\",\"@id\":\"https:\\\/\\\/casavacanzatoscana.it\\\/map\\\/#breadcrumb\",\"itemListElement\":[{\"@type\":\"ListItem\",\"position\":1,\"name\":\"Home\",\"item\":\"https:\\\/\\\/casavacanzatoscana.it\\\/\"},{\"@type\":\"ListItem\",\"position\":2,\"name\":\"Map\"}]},{\"@type\":\"WebSite\",\"@id\":\"https:\\\/\\\/casavacanzatoscana.it\\\/#website\",\"url\":\"https:\\\/\\\/casavacanzatoscana.it\\\/\",\"name\":\"{:it}Casa Vacanza Toscana Poggio Cantarello{:}{:en}Poggio Cantarello Country Home Tuscany{:}{:fr}Poggio Cantarello Maisonette de Campagne Toscane{:}\",\"description\":\"Relax et bien-\u00eatre\",\"publisher\":{\"@id\":\"https:\\\/\\\/casavacanzatoscana.it\\\/#\\\/schema\\\/person\\\/4358e1e39963cda68187c3d35f84e07d\"},\"potentialAction\":[{\"@type\":\"SearchAction\",\"target\":{\"@type\":\"EntryPoint\",\"urlTemplate\":\"https:\\\/\\\/casavacanzatoscana.it\\\/?s={search_term_string}\"},\"query-input\":{\"@type\":\"PropertyValueSpecification\",\"valueRequired\":true,\"valueName\":\"search_term_string\"}}],\"inLanguage\":\"fr-FR\"},{\"@type\":[\"Person\",\"Organization\"],\"@id\":\"https:\\\/\\\/casavacanzatoscana.it\\\/#\\\/schema\\\/person\\\/4358e1e39963cda68187c3d35f84e07d\",\"name\":\"casavac2\",\"image\":{\"@type\":\"ImageObject\",\"inLanguage\":\"fr-FR\",\"@id\":\"https:\\\/\\\/secure.gravatar.com\\\/avatar\\\/21f5c1240386d20f2792f697d241b5c09087e44d1ac9901457718f0be0052309?s=96&d=mm&r=g\",\"url\":\"https:\\\/\\\/secure.gravatar.com\\\/avatar\\\/21f5c1240386d20f2792f697d241b5c09087e44d1ac9901457718f0be0052309?s=96&d=mm&r=g\",\"contentUrl\":\"https:\\\/\\\/secure.gravatar.com\\\/avatar\\\/21f5c1240386d20f2792f697d241b5c09087e44d1ac9901457718f0be0052309?s=96&d=mm&r=g\",\"caption\":\"casavac2\"},\"logo\":{\"@id\":\"https:\\\/\\\/secure.gravatar.com\\\/avatar\\\/21f5c1240386d20f2792f697d241b5c09087e44d1ac9901457718f0be0052309?s=96&d=mm&r=g\"}}]}<\/script>\n<!-- \/ Yoast SEO plugin. -->","yoast_head_json":{"title":"Case Vacanze Toscana con piscina \"Poggio Cantarello\"","robots":{"index":"index","follow":"follow","max-snippet":"max-snippet:-1","max-image-preview":"max-image-preview:large","max-video-preview":"max-video-preview:-1"},"canonical":"https:\/\/casavacanzatoscana.it\/map\/","og_locale":"fr_FR","og_type":"article","og_title":"&#8902; Poggio Cantarello Maisonette de Campagne Toscane","og_url":"https:\/\/casavacanzatoscana.it\/map\/","og_site_name":"Poggio Cantarello Maisonette de Campagne Toscane","article_modified_time":"2018-07-28T14:05:04+00:00","og_image":[{"width":880,"height":448,"url":"https:\/\/casavacanzatoscana.it\/wp-content\/uploads\/2015\/10\/coppia-camino.jpg","type":"image\/jpeg"}],"twitter_card":"summary_large_image","twitter_misc":{"Dur\u00e9e de lecture estim\u00e9e":"3 minutes"},"schema":{"@context":"https:\/\/schema.org","@graph":[{"@type":"WebPage","@id":"https:\/\/casavacanzatoscana.it\/map\/","url":"https:\/\/casavacanzatoscana.it\/map\/","name":"Case Vacanze Toscana con piscina \"Poggio Cantarello\"","isPartOf":{"@id":"https:\/\/casavacanzatoscana.it\/#website"},"datePublished":"2015-09-29T22:59:32+00:00","dateModified":"2018-07-28T14:05:04+00:00","description":"Case Vacanze Toscana con piscina di acqua salata nella Campagna senese per trascorrere le vacanze tra i profumi e le fraganze della campagna senese","breadcrumb":{"@id":"https:\/\/casavacanzatoscana.it\/map\/#breadcrumb"},"inLanguage":"fr-FR","potentialAction":[{"@type":"ReadAction","target":["https:\/\/casavacanzatoscana.it\/map\/"]}]},{"@type":"BreadcrumbList","@id":"https:\/\/casavacanzatoscana.it\/map\/#breadcrumb","itemListElement":[{"@type":"ListItem","position":1,"name":"Home","item":"https:\/\/casavacanzatoscana.it\/"},{"@type":"ListItem","position":2,"name":"Map"}]},{"@type":"WebSite","@id":"https:\/\/casavacanzatoscana.it\/#website","url":"https:\/\/casavacanzatoscana.it\/","name":"{:it}Casa Vacanza Toscana Poggio Cantarello{:}{:en}Poggio Cantarello Country Home Tuscany{:}{:fr}Poggio Cantarello Maisonette de Campagne Toscane{:}","description":"Relax et bien-\u00eatre","publisher":{"@id":"https:\/\/casavacanzatoscana.it\/#\/schema\/person\/4358e1e39963cda68187c3d35f84e07d"},"potentialAction":[{"@type":"SearchAction","target":{"@type":"EntryPoint","urlTemplate":"https:\/\/casavacanzatoscana.it\/?s={search_term_string}"},"query-input":{"@type":"PropertyValueSpecification","valueRequired":true,"valueName":"search_term_string"}}],"inLanguage":"fr-FR"},{"@type":["Person","Organization"],"@id":"https:\/\/casavacanzatoscana.it\/#\/schema\/person\/4358e1e39963cda68187c3d35f84e07d","name":"casavac2","image":{"@type":"ImageObject","inLanguage":"fr-FR","@id":"https:\/\/secure.gravatar.com\/avatar\/21f5c1240386d20f2792f697d241b5c09087e44d1ac9901457718f0be0052309?s=96&d=mm&r=g","url":"https:\/\/secure.gravatar.com\/avatar\/21f5c1240386d20f2792f697d241b5c09087e44d1ac9901457718f0be0052309?s=96&d=mm&r=g","contentUrl":"https:\/\/secure.gravatar.com\/avatar\/21f5c1240386d20f2792f697d241b5c09087e44d1ac9901457718f0be0052309?s=96&d=mm&r=g","caption":"casavac2"},"logo":{"@id":"https:\/\/secure.gravatar.com\/avatar\/21f5c1240386d20f2792f697d241b5c09087e44d1ac9901457718f0be0052309?s=96&d=mm&r=g"}}]}},"_links":{"self":[{"href":"https:\/\/casavacanzatoscana.it\/fr\/wp-json\/wp\/v2\/pages\/33","targetHints":{"allow":["GET"]}}],"collection":[{"href":"https:\/\/casavacanzatoscana.it\/fr\/wp-json\/wp\/v2\/pages"}],"about":[{"href":"https:\/\/casavacanzatoscana.it\/fr\/wp-json\/wp\/v2\/types\/page"}],"author":[{"embeddable":true,"href":"https:\/\/casavacanzatoscana.it\/fr\/wp-json\/wp\/v2\/users\/1"}],"replies":[{"embeddable":true,"href":"https:\/\/casavacanzatoscana.it\/fr\/wp-json\/wp\/v2\/comments?post=33"}],"version-history":[{"count":0,"href":"https:\/\/casavacanzatoscana.it\/fr\/wp-json\/wp\/v2\/pages\/33\/revisions"}],"wp:attachment":[{"href":"https:\/\/casavacanzatoscana.it\/fr\/wp-json\/wp\/v2\/media?parent=33"}],"curies":[{"name":"wp","href":"https:\/\/api.w.org\/{rel}","templated":true}]}}