{"id":31,"date":"2015-09-29T22:58:53","date_gmt":"2015-09-29T22:58:53","guid":{"rendered":"http:\/\/casavacanzatoscana.it\/?page_id=31"},"modified":"2025-12-26T21:05:46","modified_gmt":"2025-12-26T21:05:46","slug":"excursions","status":"publish","type":"page","link":"https:\/\/casavacanzatoscana.it\/fr\/excursions\/","title":{"rendered":"Excursions"},"content":{"rendered":"<h1>Excursions dans la nature, dans la saveur, dans des villes d\u2019art et de bien-\u00eatre.<\/h1>\n\n<h3>Les terres de la province de sienne<\/h3>\n<p><img loading=\"lazy\" decoding=\"async\" class=\"size-full wp-image-273 alignright\" src=\"http:\/\/casavacanzatoscana.it\/wp-content\/uploads\/2015\/10\/toscana_vacanza_dipinto.jpg\" alt=\"toscana_vacanza_dipinto\" width=\"200\" height=\"200\" \/><br \/>\noffrent une s\u00e9rie de parcours entre l\u2019art, la nature, le bien-\u00eatre et la gastronomie comme nulle part au monde : en partant de Sienne, avec ses beaut\u00e9s et ses douceurs, en passant par les glaises Siennoises, berceau de l\u2019artisanat et de l\u2019enogastronomie \u00e0 travers thermes et parcours, entre les collines, jusqu\u2019au sud des terres de Sienne, c\u0153ur du \u00ab Brunello \u00bb, du nobile et du fromage de brebis de Pienza.<\/p>\n<p>Pour voyager et d\u00e9couvrir les terres de Sienne voici:<\/p>\n<h3>Pr\u00e9s de Sienne<\/h3>\n<p><a href=\"http:\/\/casavacanzatoscana.it\/wp-content\/uploads\/2018\/02\/Piazza-del-Campo-Siena.jpg\"><img loading=\"lazy\" decoding=\"async\" class=\"alignnone size-full wp-image-378\" src=\"http:\/\/casavacanzatoscana.it\/wp-content\/uploads\/2018\/02\/Piazza-del-Campo-Siena.jpg\" alt=\"\" width=\"1200\" height=\"400\" srcset=\"https:\/\/casavacanzatoscana.it\/wp-content\/uploads\/2018\/02\/Piazza-del-Campo-Siena.jpg 1200w, https:\/\/casavacanzatoscana.it\/wp-content\/uploads\/2018\/02\/Piazza-del-Campo-Siena-300x100.jpg 300w, https:\/\/casavacanzatoscana.it\/wp-content\/uploads\/2018\/02\/Piazza-del-Campo-Siena-768x256.jpg 768w, https:\/\/casavacanzatoscana.it\/wp-content\/uploads\/2018\/02\/Piazza-del-Campo-Siena-1024x341.jpg 1024w\" sizes=\"auto, (max-width: 1200px) 100vw, 1200px\" \/><\/a><\/p>\n<p>C\u2019est un endroit ideal pour passer les <b>vacances en campagne<\/b>, pour de jolies promenades a cheval ou en V.T.T., pour des excursions \u00e0 la recherche des beaut\u00e9s et du parfum de la campagne toscane, et de ses produits typiques comme l\u2019huile extra vierge d\u2019olive, l\u2019excellent vin de <b>Montepulciano<\/b> et de <b>Montalcino<\/b>, le fromage de brebis de <b>Pienza<\/b> ou go\u00fbter la fameuse \u00ab ribollita \u00bb Dans un restaurant gastronomique..<\/p>\n<h3>Chianciano et ses Thermes:<\/h3>\n<p><a href=\"http:\/\/casavacanzatoscana.it\/wp-content\/uploads\/2018\/02\/piscinetermalitheia-1200x400.jpg\"><img loading=\"lazy\" decoding=\"async\" class=\"alignnone size-full wp-image-380\" src=\"http:\/\/casavacanzatoscana.it\/wp-content\/uploads\/2018\/02\/piscinetermalitheia-1200x400.jpg\" alt=\"\" width=\"1200\" height=\"400\" srcset=\"https:\/\/casavacanzatoscana.it\/wp-content\/uploads\/2018\/02\/piscinetermalitheia-1200x400.jpg 1200w, https:\/\/casavacanzatoscana.it\/wp-content\/uploads\/2018\/02\/piscinetermalitheia-1200x400-300x100.jpg 300w, https:\/\/casavacanzatoscana.it\/wp-content\/uploads\/2018\/02\/piscinetermalitheia-1200x400-768x256.jpg 768w, https:\/\/casavacanzatoscana.it\/wp-content\/uploads\/2018\/02\/piscinetermalitheia-1200x400-1024x341.jpg 1024w\" sizes=\"auto, (max-width: 1200px) 100vw, 1200px\" \/><\/a><\/p>\n<p>Chianciano Terme peut \u00eatre d\u00e9finie comme une ville consacr\u00e9e au bien-\u00eatre.<br \/>\nIl est possible de retrouver dans ses structures thermales le juste \u00e9quilibre psychologique et physique, gr\u00e2ce \u00e9galement \u00e0 des rem\u00e8des naturels et aux technologies les plus avanc\u00e9es.<br \/>\nIl y a quatre sources : Acqua Santa, Fucoli, Sillene sont de sulfate-bicarbonate-calcique tandis que Sant\u2019Elena est de bicarbonate-alcaline-terreuse . Autour des 4 sources on trouve les \u00e9tablissements thermales qui ont des structures fonctionnelles \u00e0 l\u2019usage de l\u2019eau m\u00eame. Parall\u00e8lement aux soins de d\u00e9sintoxication du foie et des voies biliaires ou destin\u00e9s aux effectuions oto-rhino-laryngologiques, il est possible de b\u00e9n\u00e9ficier des bienfaits d\u2019applications nouvelles d\u00e9riv\u00e9es de bains et de boue, utilis\u00e9es pour am\u00e9liorer la circulation sanguine, pour la r\u00e9habilitation motrice.<br \/>\nChianciano Terme est un centre de bien-\u00eatre d\u2019importance europ\u00e9enne qui offre des structures particulierment modernes sans oublier une chaleureuse hospitalit\u00e9 raffin\u00e9e.<br \/>\nLe Grand Hotel Terme a un Centre de Bien-\u00eatre avec une piscine couverte et r\u00e9chauff\u00e9e, hydro massage, sauna, gymnase \u00e9quip\u00e9 et solarium, qui donne au visiteur la possibilit\u00e9 de concilier les b\u00e9n\u00e9fices des eaux thermales aux traitements esth\u00e9tique et de remise en forme, le tout avec des \u00e9quipes medicales sp\u00e9cialis\u00e9es et tr\u00e8s qualifi\u00e9es.<\/p>\n<h3>Montalcino, Pienza et la Val d\u2019Orcia:<\/h3>\n<div id=\"attachment_381\" style=\"width: 1210px\" class=\"wp-caption alignnone\"><a title=\"val-d-orcia\" href=\"https:\/\/casavacanzatoscana.it\/wp-content\/uploads\/2018\/02\/val-dorcia-1200x400.jpg\"><img loading=\"lazy\" decoding=\"async\" aria-describedby=\"caption-attachment-381\" class=\"wp-image-381 size-full\" title=\"Piscine termali Theia a Chianciano\" src=\"https:\/\/casavacanzatoscana.it\/wp-content\/uploads\/2025\/12\/paesaggio-rurale-con-fattoria-1200x540-1.webp\" alt=\"Piscine termali Theia a Chianciano\" width=\"1200\" height=\"400\" \/><\/a><p id=\"caption-attachment-381\" class=\"wp-caption-text\">Veduta della <strong>Val d&rsquo;Orcia<\/strong><\/p><\/div>\n<p>Ce qui rend c\u00e9l\u00e8bre Montalcino c\u2019est le \u00ab Brunello \u00bb, un des meilleurs vins rouges au monde, mais Montalcino est aussi une magnifique ville d\u2019art, qui domine du haut de sa colline ses 3.000 hectares de vignobles (1.500 des quels <i><span lang=\"FR\">d\u00e9di\u00e9s <\/span><\/i>\u00e0 Brunello) qui lui ont fait acqu\u00e9rir c\u00e9l\u00e9brit\u00e9 et richesse.<br \/>\nMontalcino partage sa renomm\u00e9e avec Pienza, la ville voulve du XVeme si\u00e8cle par Pape Pio II.<br \/>\nTout, dans la vall\u00e9e (ou val) d\u2019Orcia \u00e9voque histoire, art, culture. Ses collines et ses cypr\u00e8s sont travers\u00e9s par les \u00ab voies de la foi \u00bb les plus importantes d\u2019Europe et autour desquelles ont \u00e9t\u00e9 b\u00e2ties des \u00e9glises et des abbayes d\u2019un charme extraordinaire.<br \/>\nUn moyen original et suggestif pour explorer la Val\u2019d\u2019Orcia est celle de profiter, pendant le printemps et l\u2019automne, du train nature qui relie Sienne \u00e0 la gare de Monte Antico et Grosseto en passant par Asciano, Torrenieri et par la Vall\u00e9e de L\u2019Asso. Les trains permettent d\u2019observer les collines et les bois, ils s\u2019arr\u00eatent dans toutes le gares et donnent la possibilit\u00e9 aux voyageurs de visiter les bourges et les monuments, participer aux f\u00eates de villages et \u00e9couter les con Coraux.<\/p>\n<p>&nbsp;<\/p>\n<p>&nbsp;<\/p>\n<h3>Le Train Natur<\/h3>\n<p><a href=\"http:\/\/casavacanzatoscana.it\/wp-content\/uploads\/2018\/02\/Treno-Natura-e-le-Crete-Senesi1000x300.jpg\"><img loading=\"lazy\" decoding=\"async\" class=\"wp-image-390 size-full\" title=\"Il treno natura\" src=\"https:\/\/casavacanzatoscana.it\/wp-content\/uploads\/2018\/02\/Treno-Natura-e-le-Crete-Senesi1000x300.jpg\" alt=\"Il treno natura\" width=\"1000\" height=\"300\" srcset=\"https:\/\/casavacanzatoscana.it\/wp-content\/uploads\/2018\/02\/Treno-Natura-e-le-Crete-Senesi1000x300.jpg 1000w, https:\/\/casavacanzatoscana.it\/wp-content\/uploads\/2018\/02\/Treno-Natura-e-le-Crete-Senesi1000x300-300x90.jpg 300w, https:\/\/casavacanzatoscana.it\/wp-content\/uploads\/2018\/02\/Treno-Natura-e-le-Crete-Senesi1000x300-768x230.jpg 768w\" sizes=\"auto, (max-width: 1000px) 100vw, 1000px\" \/><\/a><\/p>\n<p>est une machine du temps et c\u2019est l\u2019impression qui restera dans la m\u00e9moire de qui aura la possibilit\u00e9 de faire un voyage \u00e0 travers un de ses parcours.<br \/>\nLe projet train nature re-parcourt des mod\u00e8les qui existent et qui sont en vogue en Europe et en Am\u00e9rique du nord. Ce n\u2019est pas un cas qu\u2019ils sont tout jour pleins de touristes \u00e9trangers.<\/p>\n<p>On \u00e9prouve une grande \u00e9motion en montant sur un wagon cent portes train\u00e9 par une micheline d\u2019\u00e9poque ou seulement par une 640, sur les quelles nos p\u00e8res et nos grands-parents voyageaient.<\/p>\n<p>Les itin\u00e9raires sont plusieurs et tous irr\u00e9sistibles pour la beaut\u00e9 des territoires. On peut s\u2019arr\u00eater dans des gares romaniques et s\u2019aventurer le long des sentiers, rejoindre des \u00e9glises, des bourges, des ch\u00e2teaux, faire une d\u00e9gustation dans une ferme ou dans une cave, participer \u00e0 \u00e0 des f\u00eates du pays.<br \/>\nOn pourra donc d\u00e9couvrir les paysages les plus caract\u00e9ristiques de la toscane et conna\u00eetre la culture, la gastronomie et le folklore des lieux.<\/p>\n<blockquote><p><b>Journ\u00e9es normales avec michelines d\u2019epoque.<\/b><br \/>\nR\u00e9servation conseill\u00e9e. Les billets s\u2019ach\u00e8tent sur le train nature.<br \/>\nItin\u00e9raire Siena-Asciano-Monte Antico-Buonconvento avec trois d\u00e9parts de Sienne. Heure 8.30 \u2013 11.15 \u2013 15.45.<\/p><\/blockquote>\n","protected":false},"excerpt":{"rendered":"<p>Excursions dans la nature, dans la saveur, dans des villes d\u2019art et de bien-\u00eatre. Les terres de la province de sienne offrent une s\u00e9rie de parcours entre l\u2019art, la nature, le bien-\u00eatre et la gastronomie comme nulle part au monde : en partant de Sienne, avec ses beaut\u00e9s et ses douceurs, en passant par les [&hellip;]<\/p>\n","protected":false},"author":1,"featured_media":0,"parent":0,"menu_order":0,"comment_status":"closed","ping_status":"closed","template":"","meta":{"_joinchat":[],"footnotes":""},"class_list":["post-31","page","type-page","status-publish","hentry"],"translation":{"provider":"WPGlobus","version":"3.0.2","language":"fr","enabled_languages":["it","en","fr"],"languages":{"it":{"title":true,"content":true,"excerpt":false},"en":{"title":true,"content":true,"excerpt":false},"fr":{"title":true,"content":true,"excerpt":false}}},"yoast_head":"<!-- This site is optimized with the Yoast SEO plugin v27.3 - https:\/\/yoast.com\/product\/yoast-seo-wordpress\/ -->\n<title>Casolare di Campagna toscana &quot;Poggio Cantarello&quot;<\/title>\n<meta name=\"robots\" content=\"index, follow, max-snippet:-1, max-image-preview:large, max-video-preview:-1\" \/>\n<link rel=\"canonical\" href=\"https:\/\/casavacanzatoscana.it\/excursions\/\" \/>\n<meta property=\"og:locale\" content=\"fr_FR\" \/>\n<meta property=\"og:type\" content=\"article\" \/>\n<meta property=\"og:title\" content=\"&#8902; Poggio Cantarello Maisonette de Campagne Toscane\" \/>\n<meta property=\"og:url\" content=\"https:\/\/casavacanzatoscana.it\/excursions\/\" \/>\n<meta property=\"og:site_name\" content=\"Poggio Cantarello Maisonette de Campagne Toscane\" \/>\n<meta property=\"article:modified_time\" content=\"2025-12-26T21:05:46+00:00\" \/>\n<meta property=\"og:image\" content=\"https:\/\/casavacanzatoscana.it\/wp-content\/uploads\/2018\/02\/piscinetermalitheia-1200x400.jpg\" \/>\n<meta name=\"twitter:card\" content=\"summary_large_image\" \/>\n<meta name=\"twitter:label1\" content=\"Dur\u00e9e de lecture estim\u00e9e\" \/>\n\t<meta name=\"twitter:data1\" content=\"2 minutes\" \/>\n<script type=\"application\/ld+json\" class=\"yoast-schema-graph\">{\"@context\":\"https:\\\/\\\/schema.org\",\"@graph\":[{\"@type\":\"WebPage\",\"@id\":\"https:\\\/\\\/casavacanzatoscana.it\\\/excursions\\\/\",\"url\":\"https:\\\/\\\/casavacanzatoscana.it\\\/excursions\\\/\",\"name\":\"Casolare di Campagna toscana \\\"Poggio Cantarello\\\"\",\"isPartOf\":{\"@id\":\"https:\\\/\\\/casavacanzatoscana.it\\\/#website\"},\"primaryImageOfPage\":{\"@id\":\"https:\\\/\\\/casavacanzatoscana.it\\\/excursions\\\/#primaryimage\"},\"image\":{\"@id\":\"https:\\\/\\\/casavacanzatoscana.it\\\/excursions\\\/#primaryimage\"},\"thumbnailUrl\":\"https:\\\/\\\/casavacanzatoscana.it\\\/wp-content\\\/uploads\\\/2018\\\/02\\\/piscinetermalitheia-1200x400.jpg\",\"datePublished\":\"2015-09-29T22:58:53+00:00\",\"dateModified\":\"2025-12-26T21:05:46+00:00\",\"description\":\"Casolare di Campagna toscana \\\"Poggio Cantarello Country home\\\" nella splendida campagna senese per vacanze in pieno relax e benessere\",\"breadcrumb\":{\"@id\":\"https:\\\/\\\/casavacanzatoscana.it\\\/excursions\\\/#breadcrumb\"},\"inLanguage\":\"fr-FR\",\"potentialAction\":[{\"@type\":\"ReadAction\",\"target\":[\"https:\\\/\\\/casavacanzatoscana.it\\\/excursions\\\/\"]}]},{\"@type\":\"ImageObject\",\"inLanguage\":\"fr-FR\",\"@id\":\"https:\\\/\\\/casavacanzatoscana.it\\\/excursions\\\/#primaryimage\",\"url\":\"https:\\\/\\\/casavacanzatoscana.it\\\/wp-content\\\/uploads\\\/2018\\\/02\\\/piscinetermalitheia-1200x400.jpg\",\"contentUrl\":\"https:\\\/\\\/casavacanzatoscana.it\\\/wp-content\\\/uploads\\\/2018\\\/02\\\/piscinetermalitheia-1200x400.jpg\"},{\"@type\":\"BreadcrumbList\",\"@id\":\"https:\\\/\\\/casavacanzatoscana.it\\\/excursions\\\/#breadcrumb\",\"itemListElement\":[{\"@type\":\"ListItem\",\"position\":1,\"name\":\"Home\",\"item\":\"https:\\\/\\\/casavacanzatoscana.it\\\/\"},{\"@type\":\"ListItem\",\"position\":2,\"name\":\"Escursioni\"}]},{\"@type\":\"WebSite\",\"@id\":\"https:\\\/\\\/casavacanzatoscana.it\\\/#website\",\"url\":\"https:\\\/\\\/casavacanzatoscana.it\\\/\",\"name\":\"{:it}Casa Vacanza Toscana Poggio Cantarello{:}{:en}Poggio Cantarello Country Home Tuscany{:}{:fr}Poggio Cantarello Maisonette de Campagne Toscane{:}\",\"description\":\"Relax et bien-\u00eatre\",\"publisher\":{\"@id\":\"https:\\\/\\\/casavacanzatoscana.it\\\/#\\\/schema\\\/person\\\/4358e1e39963cda68187c3d35f84e07d\"},\"potentialAction\":[{\"@type\":\"SearchAction\",\"target\":{\"@type\":\"EntryPoint\",\"urlTemplate\":\"https:\\\/\\\/casavacanzatoscana.it\\\/?s={search_term_string}\"},\"query-input\":{\"@type\":\"PropertyValueSpecification\",\"valueRequired\":true,\"valueName\":\"search_term_string\"}}],\"inLanguage\":\"fr-FR\"},{\"@type\":[\"Person\",\"Organization\"],\"@id\":\"https:\\\/\\\/casavacanzatoscana.it\\\/#\\\/schema\\\/person\\\/4358e1e39963cda68187c3d35f84e07d\",\"name\":\"casavac2\",\"image\":{\"@type\":\"ImageObject\",\"inLanguage\":\"fr-FR\",\"@id\":\"https:\\\/\\\/secure.gravatar.com\\\/avatar\\\/21f5c1240386d20f2792f697d241b5c09087e44d1ac9901457718f0be0052309?s=96&d=mm&r=g\",\"url\":\"https:\\\/\\\/secure.gravatar.com\\\/avatar\\\/21f5c1240386d20f2792f697d241b5c09087e44d1ac9901457718f0be0052309?s=96&d=mm&r=g\",\"contentUrl\":\"https:\\\/\\\/secure.gravatar.com\\\/avatar\\\/21f5c1240386d20f2792f697d241b5c09087e44d1ac9901457718f0be0052309?s=96&d=mm&r=g\",\"caption\":\"casavac2\"},\"logo\":{\"@id\":\"https:\\\/\\\/secure.gravatar.com\\\/avatar\\\/21f5c1240386d20f2792f697d241b5c09087e44d1ac9901457718f0be0052309?s=96&d=mm&r=g\"}}]}<\/script>\n<!-- \/ Yoast SEO plugin. -->","yoast_head_json":{"title":"Casolare di Campagna toscana \"Poggio Cantarello\"","robots":{"index":"index","follow":"follow","max-snippet":"max-snippet:-1","max-image-preview":"max-image-preview:large","max-video-preview":"max-video-preview:-1"},"canonical":"https:\/\/casavacanzatoscana.it\/excursions\/","og_locale":"fr_FR","og_type":"article","og_title":"&#8902; Poggio Cantarello Maisonette de Campagne Toscane","og_url":"https:\/\/casavacanzatoscana.it\/excursions\/","og_site_name":"Poggio Cantarello Maisonette de Campagne Toscane","article_modified_time":"2025-12-26T21:05:46+00:00","og_image":[{"url":"https:\/\/casavacanzatoscana.it\/wp-content\/uploads\/2018\/02\/piscinetermalitheia-1200x400.jpg","type":"","width":"","height":""}],"twitter_card":"summary_large_image","twitter_misc":{"Dur\u00e9e de lecture estim\u00e9e":"2 minutes"},"schema":{"@context":"https:\/\/schema.org","@graph":[{"@type":"WebPage","@id":"https:\/\/casavacanzatoscana.it\/excursions\/","url":"https:\/\/casavacanzatoscana.it\/excursions\/","name":"Casolare di Campagna toscana \"Poggio Cantarello\"","isPartOf":{"@id":"https:\/\/casavacanzatoscana.it\/#website"},"primaryImageOfPage":{"@id":"https:\/\/casavacanzatoscana.it\/excursions\/#primaryimage"},"image":{"@id":"https:\/\/casavacanzatoscana.it\/excursions\/#primaryimage"},"thumbnailUrl":"https:\/\/casavacanzatoscana.it\/wp-content\/uploads\/2018\/02\/piscinetermalitheia-1200x400.jpg","datePublished":"2015-09-29T22:58:53+00:00","dateModified":"2025-12-26T21:05:46+00:00","description":"Casolare di Campagna toscana \"Poggio Cantarello Country home\" nella splendida campagna senese per vacanze in pieno relax e benessere","breadcrumb":{"@id":"https:\/\/casavacanzatoscana.it\/excursions\/#breadcrumb"},"inLanguage":"fr-FR","potentialAction":[{"@type":"ReadAction","target":["https:\/\/casavacanzatoscana.it\/excursions\/"]}]},{"@type":"ImageObject","inLanguage":"fr-FR","@id":"https:\/\/casavacanzatoscana.it\/excursions\/#primaryimage","url":"https:\/\/casavacanzatoscana.it\/wp-content\/uploads\/2018\/02\/piscinetermalitheia-1200x400.jpg","contentUrl":"https:\/\/casavacanzatoscana.it\/wp-content\/uploads\/2018\/02\/piscinetermalitheia-1200x400.jpg"},{"@type":"BreadcrumbList","@id":"https:\/\/casavacanzatoscana.it\/excursions\/#breadcrumb","itemListElement":[{"@type":"ListItem","position":1,"name":"Home","item":"https:\/\/casavacanzatoscana.it\/"},{"@type":"ListItem","position":2,"name":"Escursioni"}]},{"@type":"WebSite","@id":"https:\/\/casavacanzatoscana.it\/#website","url":"https:\/\/casavacanzatoscana.it\/","name":"{:it}Casa Vacanza Toscana Poggio Cantarello{:}{:en}Poggio Cantarello Country Home Tuscany{:}{:fr}Poggio Cantarello Maisonette de Campagne Toscane{:}","description":"Relax et bien-\u00eatre","publisher":{"@id":"https:\/\/casavacanzatoscana.it\/#\/schema\/person\/4358e1e39963cda68187c3d35f84e07d"},"potentialAction":[{"@type":"SearchAction","target":{"@type":"EntryPoint","urlTemplate":"https:\/\/casavacanzatoscana.it\/?s={search_term_string}"},"query-input":{"@type":"PropertyValueSpecification","valueRequired":true,"valueName":"search_term_string"}}],"inLanguage":"fr-FR"},{"@type":["Person","Organization"],"@id":"https:\/\/casavacanzatoscana.it\/#\/schema\/person\/4358e1e39963cda68187c3d35f84e07d","name":"casavac2","image":{"@type":"ImageObject","inLanguage":"fr-FR","@id":"https:\/\/secure.gravatar.com\/avatar\/21f5c1240386d20f2792f697d241b5c09087e44d1ac9901457718f0be0052309?s=96&d=mm&r=g","url":"https:\/\/secure.gravatar.com\/avatar\/21f5c1240386d20f2792f697d241b5c09087e44d1ac9901457718f0be0052309?s=96&d=mm&r=g","contentUrl":"https:\/\/secure.gravatar.com\/avatar\/21f5c1240386d20f2792f697d241b5c09087e44d1ac9901457718f0be0052309?s=96&d=mm&r=g","caption":"casavac2"},"logo":{"@id":"https:\/\/secure.gravatar.com\/avatar\/21f5c1240386d20f2792f697d241b5c09087e44d1ac9901457718f0be0052309?s=96&d=mm&r=g"}}]}},"_links":{"self":[{"href":"https:\/\/casavacanzatoscana.it\/fr\/wp-json\/wp\/v2\/pages\/31","targetHints":{"allow":["GET"]}}],"collection":[{"href":"https:\/\/casavacanzatoscana.it\/fr\/wp-json\/wp\/v2\/pages"}],"about":[{"href":"https:\/\/casavacanzatoscana.it\/fr\/wp-json\/wp\/v2\/types\/page"}],"author":[{"embeddable":true,"href":"https:\/\/casavacanzatoscana.it\/fr\/wp-json\/wp\/v2\/users\/1"}],"replies":[{"embeddable":true,"href":"https:\/\/casavacanzatoscana.it\/fr\/wp-json\/wp\/v2\/comments?post=31"}],"version-history":[{"count":0,"href":"https:\/\/casavacanzatoscana.it\/fr\/wp-json\/wp\/v2\/pages\/31\/revisions"}],"wp:attachment":[{"href":"https:\/\/casavacanzatoscana.it\/fr\/wp-json\/wp\/v2\/media?parent=31"}],"curies":[{"name":"wp","href":"https:\/\/api.w.org\/{rel}","templated":true}]}}