{"id":29,"date":"2015-09-29T22:58:21","date_gmt":"2015-09-29T22:58:21","guid":{"rendered":"http:\/\/casavacanzatoscana.it\/?page_id=29"},"modified":"2026-01-10T23:04:27","modified_gmt":"2026-01-10T23:04:27","slug":"prenota-ora","status":"publish","type":"page","link":"https:\/\/casavacanzatoscana.it\/fr\/prenota-ora\/","title":{"rendered":"Prix &#038; Reservation"},"content":{"rendered":"<h3><\/h3>\n<p data-path-to-node=\"0\">Assolutamente! Ecco la traduction en fran\u00e7ais professionnel, organis\u00e9e pour une meilleure lisibilit\u00e9 :<\/p>\n<hr data-path-to-node=\"1\" \/>\n<h2>\ud83c\udf33 Maison de Vacances en Toscane : &#8220;Poggio Cantarello Country Home&#8221;<\/h2>\n<p>&nbsp;<\/p>\n<p data-path-to-node=\"3\"><b>(S\u00e9jours accept\u00e9s pour un minimum de 2 nuits)<\/b><\/p>\n<p data-path-to-node=\"4\">Bienvenue \u00e0 la Maison de Vacances Poggio Cantarello Country Home, votre refuge id\u00e9al au c\u0153ur de la Toscane.<\/p>\n<h3>\ud83d\udecc Tarifs des Chambres<\/h3>\n<p>&nbsp;<\/p>\n<table data-path-to-node=\"6\">\n<thead>\n<tr>\n<td><strong>Type de Chambre<\/strong><\/td>\n<td><strong>Description<\/strong><\/td>\n<td><strong>Prix<\/strong><\/td>\n<\/tr>\n<\/thead>\n<tbody>\n<tr>\n<td><span data-path-to-node=\"6,1,0,0\"><b>Chambre Double<\/b><\/span><\/td>\n<td><span data-path-to-node=\"6,1,1,0\">Chambre double avec salle de bain priv\u00e9e, avec possibilit\u00e9 d&#8217;ajouter un 3\u00e8me lit.<\/span><\/td>\n<td><span data-path-to-node=\"6,1,2,0\">\u00c0 partir de <b>90,00 \u20ac<\/b> par jour (par chambre)<\/span><\/td>\n<\/tr>\n<tr>\n<td><\/td>\n<td><\/td>\n<td><span data-path-to-node=\"6,2,2,0\">\u00c0 partir de <b>170,00 \u20ac<\/b> Mid-Week 2 nuits (du dimanche au jeudi)<\/span><\/td>\n<\/tr>\n<tr>\n<td><\/td>\n<td><\/td>\n<td><span data-path-to-node=\"6,3,2,0\">\u00c0 partir de <b>580,00 \u20ac<\/b> la semaine<\/span><\/td>\n<\/tr>\n<tr>\n<td><span data-path-to-node=\"6,4,0,0\"><b>Suppl\u00e9ment<\/b><\/span><\/td>\n<td><span data-path-to-node=\"6,4,1,0\">Suppl\u00e9ment pour l&#8217;ajout d&#8217;un 3\u00e8me lit<\/span><\/td>\n<td><span data-path-to-node=\"6,4,2,0\"><b>15,00 \u20ac<\/b> par jour<\/span><\/td>\n<\/tr>\n<\/tbody>\n<\/table>\n<hr data-path-to-node=\"7\" \/>\n<h3>\ud83c\udfe1 Appartement (Capacit\u00e9 max. 6 personnes)<\/h3>\n<p>&nbsp;<\/p>\n<p data-path-to-node=\"9\"><b>Un Refuge de Charme avec Vue Imprenable sur la Campagne<\/b><\/p>\n<p data-path-to-node=\"10\">Cet appartement spacieux est id\u00e9al pour accueillir jusqu&#8217;\u00e0 <b>6 personnes<\/b> et offre une exp\u00e9rience de s\u00e9jour inoubliable.<\/p>\n<ul data-path-to-node=\"11\">\n<li>\n<p data-path-to-node=\"11,0,0\"><b>Logement :<\/b> Deux <b>chambres doubles<\/b> (lits matrimoniaux) et deux <b>salles de bain<\/b> compl\u00e8tes.<\/p>\n<\/li>\n<li>\n<p data-path-to-node=\"11,1,0\"><b>Confort et D\u00e9tente :<\/b> S\u00e9jour accueillant avec une <b>chemin\u00e9e<\/b> chaleureuse pour des soir\u00e9es intimes et relaxantes.<\/p>\n<\/li>\n<li>\n<p data-path-to-node=\"11,2,0\"><b>Cuisine :<\/b> Kitchenette ind\u00e9pendante et bien \u00e9quip\u00e9e.<\/p>\n<\/li>\n<li>\n<p data-path-to-node=\"11,3,0\"><b>Ext\u00e9rieurs :<\/b> Profitez de moments de pure tranquillit\u00e9 gr\u00e2ce \u00e0 la <b>terrasse<\/b> et \u00e0 la spacieuse <b>loggia panoramique<\/b>, offrant une vue incomparable sur la splendide campagne environnante.<\/p>\n<\/li>\n<\/ul>\n<table data-path-to-node=\"12\">\n<thead>\n<tr>\n<td><strong>P\u00e9riode de S\u00e9jour<\/strong><\/td>\n<td><strong>Prix<\/strong><\/td>\n<\/tr>\n<\/thead>\n<tbody>\n<tr>\n<td><span data-path-to-node=\"12,1,0,0\"><b>Jour (Week-ends)<\/b><\/span><\/td>\n<td><span data-path-to-node=\"12,1,1,0\">\u00c0 partir de <b>160,00 \u20ac<\/b> par jour<\/span><\/td>\n<\/tr>\n<tr>\n<td><span data-path-to-node=\"12,2,0,0\"><b>Jour (Mid-Week)<\/b><\/span><\/td>\n<td><span data-path-to-node=\"12,2,1,0\">\u00c0 partir de <b>140,00 \u20ac<\/b> par jour (du Dimanche au Jeudi)<\/span><\/td>\n<\/tr>\n<tr>\n<td><span data-path-to-node=\"12,3,0,0\"><b>Semaine<\/b><\/span><\/td>\n<td><span data-path-to-node=\"12,3,1,0\">\u00c0 partir de <b>990,00 \u20ac<\/b> la semaine<\/span><\/td>\n<\/tr>\n<\/tbody>\n<\/table>\n<hr data-path-to-node=\"13\" \/>\n<h3>\ud83c\udfe1 Appartement (Capacit\u00e9 max. 2 Adultes + 2 Enfants ou 3 Adultes)<\/h3>\n<p>&nbsp;<\/p>\n<p data-path-to-node=\"15\"><b>Votre Base Parfaite pour un S\u00e9jour Intime et Relaxant<\/b><\/p>\n<p data-path-to-node=\"16\">Ce charmant appartement est id\u00e9al pour les <b>couples<\/b> ou les petites familles.<\/p>\n<ul data-path-to-node=\"17\">\n<li>\n<p data-path-to-node=\"17,0,0\"><b>Coin Jour :<\/b> Un <b>coin cuisine<\/b> bien organis\u00e9 avec un <b>petit salon<\/b> douillet pour se d\u00e9tendre.<\/p>\n<\/li>\n<li>\n<p data-path-to-node=\"17,1,0\"><b>Coin Nuit :<\/b> Une confortable <b>chambre double<\/b> (lit matrimonial).<\/p>\n<\/li>\n<li>\n<p data-path-to-node=\"17,2,0\"><b>Services :<\/b> Une salle de bain compl\u00e8te et soign\u00e9e.<\/p>\n<\/li>\n<\/ul>\n<p data-path-to-node=\"18\">Parfait pour ceux qui recherchent la praticit\u00e9 d&#8217;un pied-\u00e0-terre sans renoncer au confort.<\/p>\n<table data-path-to-node=\"19\">\n<thead>\n<tr>\n<td><strong>P\u00e9riode de S\u00e9jour<\/strong><\/td>\n<td><strong>Prix<\/strong><\/td>\n<\/tr>\n<\/thead>\n<tbody>\n<tr>\n<td><span data-path-to-node=\"19,1,0,0\"><b>Jour (Week-ends)<\/b><\/span><\/td>\n<td><span data-path-to-node=\"19,1,1,0\">\u00c0 partir de <b>130,00 \u20ac<\/b> par jour<\/span><\/td>\n<\/tr>\n<tr>\n<td><span data-path-to-node=\"19,2,0,0\"><b>Jour (Mid-Week)<\/b><\/span><\/td>\n<td><span data-path-to-node=\"19,2,1,0\">\u00c0 partir de <b>120,00 \u20ac<\/b> par jour (du Dimanche au Jeudi)<\/span><\/td>\n<\/tr>\n<tr>\n<td><span data-path-to-node=\"19,3,0,0\"><b>Semaine<\/b><\/span><\/td>\n<td><span data-path-to-node=\"19,3,1,0\">\u00c0 partir de <b>800,00 \u20ac<\/b> la semaine<\/span><\/td>\n<\/tr>\n<\/tbody>\n<\/table>\n<hr data-path-to-node=\"20\" \/>\n<h3>\ud83c\udf1f Location Exclusive de Toute la Structure<\/h3>\n<p>&nbsp;<\/p>\n<p data-path-to-node=\"22\"><b>D\u00e9tente et Intimit\u00e9 Totales<\/b><\/p>\n<p data-path-to-node=\"23\">Pour des vacances en toute d\u00e9tente et intimit\u00e9, vous pouvez louer un appartement individuel ou la <b>structure enti\u00e8re<\/b> (maximum 10 personnes), qui comprend une <b>piscine priv\u00e9e<\/b>, un jardin avec <b>gazebo<\/b>, un <b>barbecue<\/b> et un <b>four \u00e0 pizzas<\/b>.<\/p>\n<p data-path-to-node=\"24\">Un paradis rien que pour vous, compl\u00e8tement immerg\u00e9 dans la nature pr\u00e9serv\u00e9e entre le Val di Chiana et le Val D\u2019Orcia.<\/p>\n<ul data-path-to-node=\"25\">\n<li>\n<p data-path-to-node=\"25,0,0\"><b>Prix :<\/b> \u00c0 partir de <b>320,00 \u20ac<\/b> la nuit (pour max. 10 personnes).<\/p>\n<\/li>\n<\/ul>\n<hr data-path-to-node=\"26\" \/>\n<h3>\ud83d\udc96 Week-end Romantique : Go\u00fbt &amp; Bien-\u00eatre en Toscane<\/h3>\n<p>&nbsp;<\/p>\n<p data-path-to-node=\"28\">Une exp\u00e9rience r\u00e9g\u00e9n\u00e9rante con\u00e7ue pour les <b>couples<\/b>, alliant d\u00e9tente thermale et saveurs traditionnelles.<\/p>\n<ul data-path-to-node=\"29\">\n<li>\n<p data-path-to-node=\"29,0,0\"><b>D\u00e9tails de l&#8217;Offre :<\/b> <b>178,00 \u20ac<\/b> par personne<\/p>\n<\/li>\n<\/ul>\n<p data-path-to-node=\"30\"><b>Le forfait comprend :<\/b><\/p>\n<ol start=\"1\" data-path-to-node=\"31\">\n<li>\n<p data-path-to-node=\"31,0,0\"><b>S\u00e9jour (2 Nuits) :<\/b> Deux nuit\u00e9es en <b>chambre double matrimoniale<\/b>, con\u00e7ue pour un maximum de confort et d&#8217;intimit\u00e9.<\/p>\n<\/li>\n<li>\n<p data-path-to-node=\"31,1,0\"><b>Exp\u00e9rience Culinaire :<\/b> Un <b>D\u00eener romantique<\/b> dans un restaurant typique de la r\u00e9gion, pour savourer les saveurs authentiques du terroir.<\/p>\n<\/li>\n<li>\n<p data-path-to-node=\"31,2,0\"><b>Moment Bien-\u00eatre :<\/b> Une <b>Entr\u00e9e<\/b> aux c\u00e9l\u00e8bres <b>Piscines Thermales THEIA<\/b> (situ\u00e9es \u00e0 Chianciano Terme, \u00e0 seulement 10 minutes en voiture), pour vous immerger dans la chaleur r\u00e9g\u00e9n\u00e9ratrice des eaux thermales.<\/p>\n<\/li>\n<\/ol>\n<h4>\u2139\ufe0f \u00c0 Propos des Piscines Theia Chianciano Terme<\/h4>\n<p><a href=\"https:\/\/www.piscinetermalitheia.it\/en\">https:\/\/www.piscinetermalitheia.it\/en<\/a><\/p>\n<p data-path-to-node=\"33\">Theia, \u00ab celle qui brille au loin \u00bb dans la mythologie \u00e9trusque, a donn\u00e9 son nom \u00e0 ces toutes nouvelles piscines thermales. L&#8217;\u00e9tablissement comprend quatre piscines ext\u00e9rieures et trois int\u00e9rieures, reli\u00e9es entre elles sur plus de 500 m\u00e8tres carr\u00e9s de bassins, aliment\u00e9es par l&#8217;eau de la source Sillene, dont les propri\u00e9t\u00e9s \u00e9taient connues depuis l&#8217;\u00e9poque des \u00c9trusques et des Romains. La temp\u00e9rature de l&#8217;eau des piscines est comprise entre <span class=\"math-inline\" data-math=\"33^{circ}C\">33^<\/span>\u00a0et <span class=\"math-inline\" data-math=\"36^{circ}C\">36^<\/span>.\u00a0 Les bassins sont anim\u00e9s par des jets d&#8217;eau et des hydromassages, et sont \u00e9quip\u00e9s de parasols et de transats (une utilisation altern\u00e9e avec les autres usagers est recommand\u00e9e). Une connexion Wi-Fi est disponible.<\/p>\n<hr data-path-to-node=\"34\" \/>\n<h3>\ud83d\udcdd Notes Importantes<\/h3>\n<p>&nbsp;<\/p>\n<ul data-path-to-node=\"36\">\n<li>\n<p data-path-to-node=\"36,0,0\"><b>Entretien :<\/b> Les services de m\u00e9nage et de rangement quotidiens ne sont <b>pas inclus<\/b> pendant le s\u00e9jour, sauf moyennant un suppl\u00e9ment de <b>15,00 \u20ac<\/b> par jour.<\/p>\n<\/li>\n<\/ul>\n<h3>\ud83d\udcde Informations et R\u00e9servations<\/h3>\n<p>&nbsp;<\/p>\n<p>CONTACTEZ-NOUS POUR RECEVOIR UNE PROPOSITION PERSONNALIS\u00c9E<\/p>\n<p>E-mail : poggiocantarello@tiscali.it<\/p>\n<p>T\u00e9l\u00e9phone : +39 347 9651625<\/p>\n<p><b>P\u00e9riode d\u2019ouverture: toute l&#8217;ann\u00e9e<\/b><\/p>\n<h3><span style=\"color: #808000;\">R\u00e9servez en direct et profitez du meilleur tarif ! Contactez-nous sur WhatsApp per v\u00e9rifier nos disponibilit\u00e9s<\/span><\/h3>\n<p>&nbsp;<\/p>\n","protected":false},"excerpt":{"rendered":"<p>Assolutamente! Ecco la traduction en fran\u00e7ais professionnel, organis\u00e9e pour une meilleure lisibilit\u00e9 : \ud83c\udf33 Maison de Vacances en Toscane : &#8220;Poggio Cantarello Country Home&#8221; &nbsp; (S\u00e9jours accept\u00e9s pour un minimum de 2 nuits) Bienvenue \u00e0 la Maison de Vacances Poggio Cantarello Country Home, votre refuge id\u00e9al au c\u0153ur de la Toscane. \ud83d\udecc Tarifs des Chambres [&hellip;]<\/p>\n","protected":false},"author":1,"featured_media":0,"parent":0,"menu_order":0,"comment_status":"closed","ping_status":"closed","template":"","meta":{"_joinchat":[],"footnotes":""},"class_list":["post-29","page","type-page","status-publish","hentry"],"translation":{"provider":"WPGlobus","version":"3.0.2","language":"fr","enabled_languages":["it","en","fr"],"languages":{"it":{"title":true,"content":true,"excerpt":false},"en":{"title":true,"content":true,"excerpt":false},"fr":{"title":true,"content":true,"excerpt":false}}},"yoast_head":"<!-- This site is optimized with the Yoast SEO plugin v27.3 - https:\/\/yoast.com\/product\/yoast-seo-wordpress\/ -->\n<title>&#8902; Poggio Cantarello Maisonette de Campagne Toscane<\/title>\n<meta name=\"robots\" content=\"index, follow, max-snippet:-1, max-image-preview:large, max-video-preview:-1\" \/>\n<link rel=\"canonical\" href=\"https:\/\/casavacanzatoscana.it\/prenota-ora\/\" \/>\n<meta property=\"og:locale\" content=\"fr_FR\" \/>\n<meta property=\"og:type\" content=\"article\" \/>\n<meta property=\"og:title\" content=\"&#8902; Poggio Cantarello Maisonette de Campagne Toscane\" \/>\n<meta property=\"og:url\" content=\"https:\/\/casavacanzatoscana.it\/prenota-ora\/\" \/>\n<meta property=\"og:site_name\" content=\"Poggio Cantarello Maisonette de Campagne Toscane\" \/>\n<meta property=\"article:modified_time\" content=\"2026-01-10T23:04:27+00:00\" \/>\n<meta property=\"og:image\" content=\"https:\/\/casavacanzatoscana.it\/wp-content\/uploads\/2015\/10\/coppia-camino.jpg\" \/>\n\t<meta property=\"og:image:width\" content=\"880\" \/>\n\t<meta property=\"og:image:height\" content=\"448\" \/>\n\t<meta property=\"og:image:type\" content=\"image\/jpeg\" \/>\n<meta name=\"twitter:card\" content=\"summary_large_image\" \/>\n<meta name=\"twitter:label1\" content=\"Est. reading time\" \/>\n\t<meta name=\"twitter:data1\" content=\"4 minutes\" \/>\n<script type=\"application\/ld+json\" class=\"yoast-schema-graph\">{\"@context\":\"https:\\\/\\\/schema.org\",\"@graph\":[{\"@type\":\"WebPage\",\"@id\":\"https:\\\/\\\/casavacanzatoscana.it\\\/prenota-ora\\\/\",\"url\":\"https:\\\/\\\/casavacanzatoscana.it\\\/prenota-ora\\\/\",\"name\":\"&#8902; Poggio Cantarello Maisonette de Campagne Toscane\",\"isPartOf\":{\"@id\":\"https:\\\/\\\/casavacanzatoscana.it\\\/#website\"},\"datePublished\":\"2015-09-29T22:58:21+00:00\",\"dateModified\":\"2026-01-10T23:04:27+00:00\",\"description\":\"Casa vacanza toscana Poggio Cantarello nella campagna senese per trascorrere le vacanze in pieno benessere e relax\",\"breadcrumb\":{\"@id\":\"https:\\\/\\\/casavacanzatoscana.it\\\/prenota-ora\\\/#breadcrumb\"},\"inLanguage\":\"fr-FR\",\"potentialAction\":[{\"@type\":\"ReadAction\",\"target\":[\"https:\\\/\\\/casavacanzatoscana.it\\\/prenota-ora\\\/\"]}]},{\"@type\":\"BreadcrumbList\",\"@id\":\"https:\\\/\\\/casavacanzatoscana.it\\\/prenota-ora\\\/#breadcrumb\",\"itemListElement\":[{\"@type\":\"ListItem\",\"position\":1,\"name\":\"Home\",\"item\":\"https:\\\/\\\/casavacanzatoscana.it\\\/\"},{\"@type\":\"ListItem\",\"position\":2,\"name\":\"prenota-ora\"}]},{\"@type\":\"WebSite\",\"@id\":\"https:\\\/\\\/casavacanzatoscana.it\\\/#website\",\"url\":\"https:\\\/\\\/casavacanzatoscana.it\\\/\",\"name\":\"{:it}Casa Vacanza Toscana Poggio Cantarello{:}{:en}Poggio Cantarello Country Home Tuscany{:}{:fr}Poggio Cantarello Maisonette de Campagne Toscane{:}\",\"description\":\"Relax et bien-\u00eatre\",\"publisher\":{\"@id\":\"https:\\\/\\\/casavacanzatoscana.it\\\/#\\\/schema\\\/person\\\/4358e1e39963cda68187c3d35f84e07d\"},\"potentialAction\":[{\"@type\":\"SearchAction\",\"target\":{\"@type\":\"EntryPoint\",\"urlTemplate\":\"https:\\\/\\\/casavacanzatoscana.it\\\/?s={search_term_string}\"},\"query-input\":{\"@type\":\"PropertyValueSpecification\",\"valueRequired\":true,\"valueName\":\"search_term_string\"}}],\"inLanguage\":\"fr-FR\"},{\"@type\":[\"Person\",\"Organization\"],\"@id\":\"https:\\\/\\\/casavacanzatoscana.it\\\/#\\\/schema\\\/person\\\/4358e1e39963cda68187c3d35f84e07d\",\"name\":\"casavac2\",\"image\":{\"@type\":\"ImageObject\",\"inLanguage\":\"fr-FR\",\"@id\":\"https:\\\/\\\/secure.gravatar.com\\\/avatar\\\/21f5c1240386d20f2792f697d241b5c09087e44d1ac9901457718f0be0052309?s=96&d=mm&r=g\",\"url\":\"https:\\\/\\\/secure.gravatar.com\\\/avatar\\\/21f5c1240386d20f2792f697d241b5c09087e44d1ac9901457718f0be0052309?s=96&d=mm&r=g\",\"contentUrl\":\"https:\\\/\\\/secure.gravatar.com\\\/avatar\\\/21f5c1240386d20f2792f697d241b5c09087e44d1ac9901457718f0be0052309?s=96&d=mm&r=g\",\"caption\":\"casavac2\"},\"logo\":{\"@id\":\"https:\\\/\\\/secure.gravatar.com\\\/avatar\\\/21f5c1240386d20f2792f697d241b5c09087e44d1ac9901457718f0be0052309?s=96&d=mm&r=g\"}}]}<\/script>\n<!-- \/ Yoast SEO plugin. -->","yoast_head_json":{"title":"&#8902; Poggio Cantarello Maisonette de Campagne Toscane","robots":{"index":"index","follow":"follow","max-snippet":"max-snippet:-1","max-image-preview":"max-image-preview:large","max-video-preview":"max-video-preview:-1"},"canonical":"https:\/\/casavacanzatoscana.it\/prenota-ora\/","og_locale":"fr_FR","og_type":"article","og_title":"&#8902; Poggio Cantarello Maisonette de Campagne Toscane","og_url":"https:\/\/casavacanzatoscana.it\/prenota-ora\/","og_site_name":"Poggio Cantarello Maisonette de Campagne Toscane","article_modified_time":"2026-01-10T23:04:27+00:00","og_image":[{"width":880,"height":448,"url":"https:\/\/casavacanzatoscana.it\/wp-content\/uploads\/2015\/10\/coppia-camino.jpg","type":"image\/jpeg"}],"twitter_card":"summary_large_image","twitter_misc":{"Est. reading time":"4 minutes"},"schema":{"@context":"https:\/\/schema.org","@graph":[{"@type":"WebPage","@id":"https:\/\/casavacanzatoscana.it\/prenota-ora\/","url":"https:\/\/casavacanzatoscana.it\/prenota-ora\/","name":"&#8902; Poggio Cantarello Maisonette de Campagne Toscane","isPartOf":{"@id":"https:\/\/casavacanzatoscana.it\/#website"},"datePublished":"2015-09-29T22:58:21+00:00","dateModified":"2026-01-10T23:04:27+00:00","description":"Casa vacanza toscana Poggio Cantarello nella campagna senese per trascorrere le vacanze in pieno benessere e relax","breadcrumb":{"@id":"https:\/\/casavacanzatoscana.it\/prenota-ora\/#breadcrumb"},"inLanguage":"fr-FR","potentialAction":[{"@type":"ReadAction","target":["https:\/\/casavacanzatoscana.it\/prenota-ora\/"]}]},{"@type":"BreadcrumbList","@id":"https:\/\/casavacanzatoscana.it\/prenota-ora\/#breadcrumb","itemListElement":[{"@type":"ListItem","position":1,"name":"Home","item":"https:\/\/casavacanzatoscana.it\/"},{"@type":"ListItem","position":2,"name":"prenota-ora"}]},{"@type":"WebSite","@id":"https:\/\/casavacanzatoscana.it\/#website","url":"https:\/\/casavacanzatoscana.it\/","name":"{:it}Casa Vacanza Toscana Poggio Cantarello{:}{:en}Poggio Cantarello Country Home Tuscany{:}{:fr}Poggio Cantarello Maisonette de Campagne Toscane{:}","description":"Relax et bien-\u00eatre","publisher":{"@id":"https:\/\/casavacanzatoscana.it\/#\/schema\/person\/4358e1e39963cda68187c3d35f84e07d"},"potentialAction":[{"@type":"SearchAction","target":{"@type":"EntryPoint","urlTemplate":"https:\/\/casavacanzatoscana.it\/?s={search_term_string}"},"query-input":{"@type":"PropertyValueSpecification","valueRequired":true,"valueName":"search_term_string"}}],"inLanguage":"fr-FR"},{"@type":["Person","Organization"],"@id":"https:\/\/casavacanzatoscana.it\/#\/schema\/person\/4358e1e39963cda68187c3d35f84e07d","name":"casavac2","image":{"@type":"ImageObject","inLanguage":"fr-FR","@id":"https:\/\/secure.gravatar.com\/avatar\/21f5c1240386d20f2792f697d241b5c09087e44d1ac9901457718f0be0052309?s=96&d=mm&r=g","url":"https:\/\/secure.gravatar.com\/avatar\/21f5c1240386d20f2792f697d241b5c09087e44d1ac9901457718f0be0052309?s=96&d=mm&r=g","contentUrl":"https:\/\/secure.gravatar.com\/avatar\/21f5c1240386d20f2792f697d241b5c09087e44d1ac9901457718f0be0052309?s=96&d=mm&r=g","caption":"casavac2"},"logo":{"@id":"https:\/\/secure.gravatar.com\/avatar\/21f5c1240386d20f2792f697d241b5c09087e44d1ac9901457718f0be0052309?s=96&d=mm&r=g"}}]}},"_links":{"self":[{"href":"https:\/\/casavacanzatoscana.it\/fr\/wp-json\/wp\/v2\/pages\/29","targetHints":{"allow":["GET"]}}],"collection":[{"href":"https:\/\/casavacanzatoscana.it\/fr\/wp-json\/wp\/v2\/pages"}],"about":[{"href":"https:\/\/casavacanzatoscana.it\/fr\/wp-json\/wp\/v2\/types\/page"}],"author":[{"embeddable":true,"href":"https:\/\/casavacanzatoscana.it\/fr\/wp-json\/wp\/v2\/users\/1"}],"replies":[{"embeddable":true,"href":"https:\/\/casavacanzatoscana.it\/fr\/wp-json\/wp\/v2\/comments?post=29"}],"version-history":[{"count":0,"href":"https:\/\/casavacanzatoscana.it\/fr\/wp-json\/wp\/v2\/pages\/29\/revisions"}],"wp:attachment":[{"href":"https:\/\/casavacanzatoscana.it\/fr\/wp-json\/wp\/v2\/media?parent=29"}],"curies":[{"name":"wp","href":"https:\/\/api.w.org\/{rel}","templated":true}]}}