{"id":27,"date":"2015-09-29T22:57:11","date_gmt":"2015-09-29T22:57:11","guid":{"rendered":"http:\/\/casavacanzatoscana.it\/?page_id=27"},"modified":"2026-01-05T18:53:22","modified_gmt":"2026-01-05T18:53:22","slug":"rooms-html","status":"publish","type":"page","link":"https:\/\/casavacanzatoscana.it\/fr\/rooms-html\/","title":{"rendered":"Chambres"},"content":{"rendered":"<h2>Les Chambres<\/h2>\n\n<p>Poggio Cantarello a <b>deux chambres<\/b> \u00e0 l\u2019int\u00e9rieur de la maison et une autre chambre \u2013 en restructuration \u2013 avec ambiance authentique et traditionnelle d\u2019un vieux four \u00e0 pain.<br \/>\nLes chambres sont spacieuses avec vues d\u00e9gag\u00e9es sur la campagne, plafonds en poutres apparentes, elles sont meubl\u00e9es de mani\u00e8re simple avec des armoires antique \u00ab\u00a0art pauvre\u00a0\u00bb.<br \/>\nChaque chambre poss\u00e8de sa propre <b>salle de bain<\/b>, <b>Tv sat<\/b> et <b>minibar<\/b>.<\/p>\n<h2>Les Pi\u00e9ces<\/h2>\n\n<p>Un salon avec une ancienne chemin\u00e9e et une petite cuisine sont \u00e0 disposition des h\u00f4tes.<\/p>\n<h2>Les ext\u00e9rieurs<\/h2>\n<style type=\"text\/css\">\n#foogallery-gallery-1275 .fg-image { width: 270px; }\n#foogallery-gallery-1275 { --fg-gutter: 10px; }<\/style>\n\t\t\t<div class=\"foogallery foogallery-container foogallery-default foogallery-lightbox-foogallery fg-center fg-default fg-ready fg-light fg-shadow-medium fg-loading-default fg-loaded-fade-in fg-preset fg-brad fg-preset-small fg-preset fg-brad fg-preset-small\" id=\"foogallery-gallery-1275\" data-foogallery=\"{&quot;item&quot;:{&quot;showCaptionTitle&quot;:true,&quot;showCaptionDescription&quot;:true},&quot;lazy&quot;:false,&quot;src&quot;:&quot;src&quot;,&quot;srcset&quot;:&quot;srcset&quot;}\" data-foogallery-lightbox=\"{&quot;thumbs&quot;:&quot;bottom&quot;,&quot;thumbsCaptions&quot;:false,&quot;thumbsBestFit&quot;:false,&quot;thumbsSmall&quot;:false,&quot;thumbsCaptionsAlign&quot;:&quot;default&quot;,&quot;info&quot;:&quot;bottom&quot;,&quot;infoVisible&quot;:true,&quot;infoOverlay&quot;:true,&quot;infoAlign&quot;:&quot;default&quot;,&quot;transition&quot;:&quot;fade&quot;,&quot;hoverButtons&quot;:false,&quot;fitMedia&quot;:false,&quot;noScrollbars&quot;:true,&quot;preserveButtonSpace&quot;:true,&quot;buttons&quot;:{&quot;fullscreen&quot;:true,&quot;info&quot;:true,&quot;thumbs&quot;:false},&quot;video&quot;:{&quot;autoPlay&quot;:true}}\" style=\"--fg-title-line-clamp: 1; --fg-description-line-clamp: 2;\" >\n\t<div class=\"fg-item fg-type-image fg-loaded\"><figure class=\"fg-item-inner\"><a href=\"https:\/\/casavacanzatoscana.it\/wp-content\/uploads\/2025\/11\/PgCH-Tramonto.jpg\" data-attachment-id=\"1019\" data-type=\"image\" class=\"fg-thumb\"><span class=\"fg-image-wrap\"><img fetchpriority=\"high\" decoding=\"async\" src=\"https:\/\/casavacanzatoscana.it\/wp-content\/uploads\/cache\/2025\/11\/PgCH-Tramonto\/3099863930.jpg\" width=\"270\" height=\"230\" class=\"skip-lazy fg-image\" loading=\"eager\"><\/span><span class=\"fg-image-overlay\"><\/span><\/a><\/figure><div class=\"fg-loader\"><\/div><\/div><div class=\"fg-item fg-type-image fg-loaded\"><figure class=\"fg-item-inner\"><a href=\"https:\/\/casavacanzatoscana.it\/wp-content\/uploads\/2024\/04\/image0.jpeg\" data-attachment-id=\"919\" data-type=\"image\" class=\"fg-thumb\"><span class=\"fg-image-wrap\"><img decoding=\"async\" src=\"https:\/\/casavacanzatoscana.it\/wp-content\/uploads\/cache\/2024\/04\/image0\/1409679819.jpeg\" width=\"270\" height=\"230\" class=\"skip-lazy fg-image\" loading=\"eager\"><\/span><span class=\"fg-image-overlay\"><\/span><\/a><\/figure><div class=\"fg-loader\"><\/div><\/div><div class=\"fg-item fg-type-image fg-loaded\"><figure class=\"fg-item-inner\"><a href=\"https:\/\/casavacanzatoscana.it\/wp-content\/uploads\/2017\/12\/esterni3-1024x576.jpg\" data-attachment-id=\"301\" data-type=\"image\" class=\"fg-thumb\"><span class=\"fg-image-wrap\"><img decoding=\"async\" src=\"https:\/\/casavacanzatoscana.it\/wp-content\/uploads\/cache\/2017\/12\/esterni3-1024x576\/717302992.jpg\" alt=\"campagna senese\" width=\"270\" height=\"230\" class=\"skip-lazy fg-image\" loading=\"eager\"><\/span><span class=\"fg-image-overlay\"><\/span><\/a><\/figure><div class=\"fg-loader\"><\/div><\/div><\/div>\n\n<p>Un <b>grand jardin<\/b>, avec de nombreux arbres de haute futaie et des oliviers, entour la maison.<\/p>\n<h2>Nos boules de poils<\/h2>\n<style type=\"text\/css\">\n#foogallery-gallery-1273 .fg-image { width: 270px; }\n#foogallery-gallery-1273 { --fg-gutter: 10px; }<\/style>\n\t\t\t<div class=\"foogallery foogallery-container foogallery-default foogallery-lightbox-foogallery fg-center fg-default fg-ready fg-light fg-shadow-medium fg-loading-default fg-loaded-fade-in fg-preset fg-brad fg-preset-small fg-preset fg-brad fg-preset-small\" id=\"foogallery-gallery-1273\" data-foogallery=\"{&quot;item&quot;:{&quot;showCaptionTitle&quot;:true,&quot;showCaptionDescription&quot;:true},&quot;lazy&quot;:false,&quot;src&quot;:&quot;src&quot;,&quot;srcset&quot;:&quot;srcset&quot;}\" data-foogallery-lightbox=\"{&quot;thumbs&quot;:&quot;bottom&quot;,&quot;thumbsCaptions&quot;:false,&quot;thumbsBestFit&quot;:false,&quot;thumbsSmall&quot;:false,&quot;thumbsCaptionsAlign&quot;:&quot;default&quot;,&quot;info&quot;:&quot;bottom&quot;,&quot;infoVisible&quot;:true,&quot;infoOverlay&quot;:true,&quot;infoAlign&quot;:&quot;default&quot;,&quot;transition&quot;:&quot;fade&quot;,&quot;hoverButtons&quot;:false,&quot;fitMedia&quot;:false,&quot;noScrollbars&quot;:true,&quot;preserveButtonSpace&quot;:true,&quot;buttons&quot;:{&quot;fullscreen&quot;:true,&quot;info&quot;:true,&quot;thumbs&quot;:false},&quot;video&quot;:{&quot;autoPlay&quot;:true}}\" style=\"--fg-title-line-clamp: 1; --fg-description-line-clamp: 2;\" >\n\t<div class=\"fg-item fg-type-image fg-loaded\"><figure class=\"fg-item-inner\"><a href=\"https:\/\/casavacanzatoscana.it\/wp-content\/uploads\/2025\/12\/Charly.jpeg\" data-attachment-id=\"1093\" data-type=\"image\" class=\"fg-thumb\"><span class=\"fg-image-wrap\"><img decoding=\"async\" src=\"https:\/\/casavacanzatoscana.it\/wp-content\/uploads\/cache\/2025\/12\/Charly\/2667564348.jpeg\" width=\"270\" height=\"230\" class=\"skip-lazy fg-image\" loading=\"eager\"><\/span><span class=\"fg-image-overlay\"><\/span><\/a><\/figure><div class=\"fg-loader\"><\/div><\/div><div class=\"fg-item fg-type-image fg-loaded\"><figure class=\"fg-item-inner\"><a href=\"https:\/\/casavacanzatoscana.it\/wp-content\/uploads\/2015\/09\/foto_3.jpg\" data-attachment-id=\"71\" data-type=\"image\" class=\"fg-thumb\"><span class=\"fg-image-wrap\"><img decoding=\"async\" src=\"https:\/\/casavacanzatoscana.it\/wp-content\/uploads\/cache\/2015\/09\/foto_3\/106359907.jpg\" alt=\"mizzi\" width=\"270\" height=\"230\" class=\"skip-lazy fg-image\" loading=\"eager\"><\/span><span class=\"fg-image-overlay\"><\/span><\/a><\/figure><div class=\"fg-loader\"><\/div><\/div><div class=\"fg-item fg-type-image fg-loaded\"><figure class=\"fg-item-inner\"><a href=\"https:\/\/casavacanzatoscana.it\/wp-content\/uploads\/2015\/09\/foto_1.jpg\" data-attachment-id=\"70\" data-type=\"image\" class=\"fg-thumb\"><span class=\"fg-image-wrap\"><img decoding=\"async\" src=\"https:\/\/casavacanzatoscana.it\/wp-content\/uploads\/cache\/2015\/09\/foto_1\/1796050695.jpg\" alt=\"batuffola\" width=\"270\" height=\"230\" class=\"skip-lazy fg-image\" loading=\"eager\"><\/span><span class=\"fg-image-overlay\"><\/span><\/a><\/figure><div class=\"fg-loader\"><\/div><\/div><\/div>\n\n<p>Nos quatre chats vous donneront la bienvenue et vous enseigneront l\u2019art du relax.<\/p>\n","protected":false},"excerpt":{"rendered":"<p>Les Chambres Poggio Cantarello a deux chambres \u00e0 l\u2019int\u00e9rieur de la maison et une autre chambre \u2013 en restructuration \u2013 avec ambiance authentique et traditionnelle d\u2019un vieux four \u00e0 pain. Les chambres sont spacieuses avec vues d\u00e9gag\u00e9es sur la campagne, plafonds en poutres apparentes, elles sont meubl\u00e9es de mani\u00e8re simple avec des armoires antique \u00ab\u00a0art [&hellip;]<\/p>\n","protected":false},"author":1,"featured_media":0,"parent":0,"menu_order":0,"comment_status":"closed","ping_status":"closed","template":"","meta":{"_joinchat":[],"footnotes":""},"class_list":["post-27","page","type-page","status-publish","hentry"],"translation":{"provider":"WPGlobus","version":"3.0.2","language":"fr","enabled_languages":["it","en","fr"],"languages":{"it":{"title":true,"content":true,"excerpt":false},"en":{"title":true,"content":true,"excerpt":false},"fr":{"title":true,"content":true,"excerpt":false}}},"yoast_head":"<!-- This site is optimized with the Yoast SEO plugin v27.4 - https:\/\/yoast.com\/product\/yoast-seo-wordpress\/ -->\n<title>Poggio Cantarello Country: Casolare Immerso nella Verde Toscana<\/title>\n<meta name=\"robots\" content=\"index, follow, max-snippet:-1, max-image-preview:large, max-video-preview:-1\" \/>\n<link rel=\"canonical\" href=\"https:\/\/casavacanzatoscana.it\/rooms-html\/\" \/>\n<meta property=\"og:locale\" content=\"fr_FR\" \/>\n<meta property=\"og:type\" content=\"article\" \/>\n<meta property=\"og:title\" content=\"Poggio Cantarello Country Home Tuscany\" \/>\n<meta property=\"og:description\" content=\"Casa Vacanza Toscana\" \/>\n<meta property=\"og:url\" content=\"https:\/\/casavacanzatoscana.it\/rooms-html\/\" \/>\n<meta property=\"og:site_name\" content=\"Poggio Cantarello Maisonette de Campagne Toscane\" \/>\n<meta property=\"article:modified_time\" content=\"2026-01-05T18:53:22+00:00\" \/>\n<meta property=\"og:image\" content=\"http:\/\/casavacanzatoscana.it\/wp-content\/uploads\/2017\/12\/PiscinaWPottomizzata.jpg\" \/>\n\t<meta property=\"og:image:width\" content=\"1500\" \/>\n\t<meta property=\"og:image:height\" content=\"400\" \/>\n\t<meta property=\"og:image:type\" content=\"image\/jpeg\" \/>\n<meta name=\"twitter:card\" content=\"summary_large_image\" \/>\n<meta name=\"twitter:label1\" content=\"Dur\u00e9e de lecture estim\u00e9e\" \/>\n\t<meta name=\"twitter:data1\" content=\"2 minutes\" \/>\n<script type=\"application\/ld+json\" class=\"yoast-schema-graph\">{\"@context\":\"https:\\\/\\\/schema.org\",\"@graph\":[{\"@type\":\"WebPage\",\"@id\":\"https:\\\/\\\/casavacanzatoscana.it\\\/rooms-html\\\/\",\"url\":\"https:\\\/\\\/casavacanzatoscana.it\\\/rooms-html\\\/\",\"name\":\"Poggio Cantarello Country: Casolare Immerso nella Verde Toscana\",\"isPartOf\":{\"@id\":\"https:\\\/\\\/casavacanzatoscana.it\\\/#website\"},\"datePublished\":\"2015-09-29T22:57:11+00:00\",\"dateModified\":\"2026-01-05T18:53:22+00:00\",\"description\":\"Scopri \\\"Poggio Cantarello Country Home\\\" per trascorrere le vacanze in un tipico casolare, immerso nel verde della campagna toscana\",\"breadcrumb\":{\"@id\":\"https:\\\/\\\/casavacanzatoscana.it\\\/rooms-html\\\/#breadcrumb\"},\"inLanguage\":\"fr-FR\",\"potentialAction\":[{\"@type\":\"ReadAction\",\"target\":[\"https:\\\/\\\/casavacanzatoscana.it\\\/rooms-html\\\/\"]}]},{\"@type\":\"BreadcrumbList\",\"@id\":\"https:\\\/\\\/casavacanzatoscana.it\\\/rooms-html\\\/#breadcrumb\",\"itemListElement\":[{\"@type\":\"ListItem\",\"position\":1,\"name\":\"Home\",\"item\":\"https:\\\/\\\/casavacanzatoscana.it\\\/\"},{\"@type\":\"ListItem\",\"position\":2,\"name\":\"Camere\"}]},{\"@type\":\"WebSite\",\"@id\":\"https:\\\/\\\/casavacanzatoscana.it\\\/#website\",\"url\":\"https:\\\/\\\/casavacanzatoscana.it\\\/\",\"name\":\"{:it}Casa Vacanza Toscana Poggio Cantarello{:}{:en}Poggio Cantarello Country Home Tuscany{:}{:fr}Poggio Cantarello Maisonette de Campagne Toscane{:}\",\"description\":\"Relax et bien-\u00eatre\",\"publisher\":{\"@id\":\"https:\\\/\\\/casavacanzatoscana.it\\\/#\\\/schema\\\/person\\\/4358e1e39963cda68187c3d35f84e07d\"},\"potentialAction\":[{\"@type\":\"SearchAction\",\"target\":{\"@type\":\"EntryPoint\",\"urlTemplate\":\"https:\\\/\\\/casavacanzatoscana.it\\\/?s={search_term_string}\"},\"query-input\":{\"@type\":\"PropertyValueSpecification\",\"valueRequired\":true,\"valueName\":\"search_term_string\"}}],\"inLanguage\":\"fr-FR\"},{\"@type\":[\"Person\",\"Organization\"],\"@id\":\"https:\\\/\\\/casavacanzatoscana.it\\\/#\\\/schema\\\/person\\\/4358e1e39963cda68187c3d35f84e07d\",\"name\":\"casavac2\",\"image\":{\"@type\":\"ImageObject\",\"inLanguage\":\"fr-FR\",\"@id\":\"https:\\\/\\\/secure.gravatar.com\\\/avatar\\\/21f5c1240386d20f2792f697d241b5c09087e44d1ac9901457718f0be0052309?s=96&d=mm&r=g\",\"url\":\"https:\\\/\\\/secure.gravatar.com\\\/avatar\\\/21f5c1240386d20f2792f697d241b5c09087e44d1ac9901457718f0be0052309?s=96&d=mm&r=g\",\"contentUrl\":\"https:\\\/\\\/secure.gravatar.com\\\/avatar\\\/21f5c1240386d20f2792f697d241b5c09087e44d1ac9901457718f0be0052309?s=96&d=mm&r=g\",\"caption\":\"casavac2\"},\"logo\":{\"@id\":\"https:\\\/\\\/secure.gravatar.com\\\/avatar\\\/21f5c1240386d20f2792f697d241b5c09087e44d1ac9901457718f0be0052309?s=96&d=mm&r=g\"}}]}<\/script>\n<!-- \/ Yoast SEO plugin. -->","yoast_head_json":{"title":"Poggio Cantarello Country: Casolare Immerso nella Verde Toscana","robots":{"index":"index","follow":"follow","max-snippet":"max-snippet:-1","max-image-preview":"max-image-preview:large","max-video-preview":"max-video-preview:-1"},"canonical":"https:\/\/casavacanzatoscana.it\/rooms-html\/","og_locale":"fr_FR","og_type":"article","og_title":"Poggio Cantarello Country Home Tuscany","og_description":"Casa Vacanza Toscana","og_url":"https:\/\/casavacanzatoscana.it\/rooms-html\/","og_site_name":"Poggio Cantarello Maisonette de Campagne Toscane","article_modified_time":"2026-01-05T18:53:22+00:00","og_image":[{"width":1500,"height":400,"url":"http:\/\/casavacanzatoscana.it\/wp-content\/uploads\/2017\/12\/PiscinaWPottomizzata.jpg","type":"image\/jpeg"}],"twitter_card":"summary_large_image","twitter_misc":{"Dur\u00e9e de lecture estim\u00e9e":"2 minutes"},"schema":{"@context":"https:\/\/schema.org","@graph":[{"@type":"WebPage","@id":"https:\/\/casavacanzatoscana.it\/rooms-html\/","url":"https:\/\/casavacanzatoscana.it\/rooms-html\/","name":"Poggio Cantarello Country: Casolare Immerso nella Verde Toscana","isPartOf":{"@id":"https:\/\/casavacanzatoscana.it\/#website"},"datePublished":"2015-09-29T22:57:11+00:00","dateModified":"2026-01-05T18:53:22+00:00","description":"Scopri \"Poggio Cantarello Country Home\" per trascorrere le vacanze in un tipico casolare, immerso nel verde della campagna toscana","breadcrumb":{"@id":"https:\/\/casavacanzatoscana.it\/rooms-html\/#breadcrumb"},"inLanguage":"fr-FR","potentialAction":[{"@type":"ReadAction","target":["https:\/\/casavacanzatoscana.it\/rooms-html\/"]}]},{"@type":"BreadcrumbList","@id":"https:\/\/casavacanzatoscana.it\/rooms-html\/#breadcrumb","itemListElement":[{"@type":"ListItem","position":1,"name":"Home","item":"https:\/\/casavacanzatoscana.it\/"},{"@type":"ListItem","position":2,"name":"Camere"}]},{"@type":"WebSite","@id":"https:\/\/casavacanzatoscana.it\/#website","url":"https:\/\/casavacanzatoscana.it\/","name":"{:it}Casa Vacanza Toscana Poggio Cantarello{:}{:en}Poggio Cantarello Country Home Tuscany{:}{:fr}Poggio Cantarello Maisonette de Campagne Toscane{:}","description":"Relax et bien-\u00eatre","publisher":{"@id":"https:\/\/casavacanzatoscana.it\/#\/schema\/person\/4358e1e39963cda68187c3d35f84e07d"},"potentialAction":[{"@type":"SearchAction","target":{"@type":"EntryPoint","urlTemplate":"https:\/\/casavacanzatoscana.it\/?s={search_term_string}"},"query-input":{"@type":"PropertyValueSpecification","valueRequired":true,"valueName":"search_term_string"}}],"inLanguage":"fr-FR"},{"@type":["Person","Organization"],"@id":"https:\/\/casavacanzatoscana.it\/#\/schema\/person\/4358e1e39963cda68187c3d35f84e07d","name":"casavac2","image":{"@type":"ImageObject","inLanguage":"fr-FR","@id":"https:\/\/secure.gravatar.com\/avatar\/21f5c1240386d20f2792f697d241b5c09087e44d1ac9901457718f0be0052309?s=96&d=mm&r=g","url":"https:\/\/secure.gravatar.com\/avatar\/21f5c1240386d20f2792f697d241b5c09087e44d1ac9901457718f0be0052309?s=96&d=mm&r=g","contentUrl":"https:\/\/secure.gravatar.com\/avatar\/21f5c1240386d20f2792f697d241b5c09087e44d1ac9901457718f0be0052309?s=96&d=mm&r=g","caption":"casavac2"},"logo":{"@id":"https:\/\/secure.gravatar.com\/avatar\/21f5c1240386d20f2792f697d241b5c09087e44d1ac9901457718f0be0052309?s=96&d=mm&r=g"}}]}},"_links":{"self":[{"href":"https:\/\/casavacanzatoscana.it\/fr\/wp-json\/wp\/v2\/pages\/27","targetHints":{"allow":["GET"]}}],"collection":[{"href":"https:\/\/casavacanzatoscana.it\/fr\/wp-json\/wp\/v2\/pages"}],"about":[{"href":"https:\/\/casavacanzatoscana.it\/fr\/wp-json\/wp\/v2\/types\/page"}],"author":[{"embeddable":true,"href":"https:\/\/casavacanzatoscana.it\/fr\/wp-json\/wp\/v2\/users\/1"}],"replies":[{"embeddable":true,"href":"https:\/\/casavacanzatoscana.it\/fr\/wp-json\/wp\/v2\/comments?post=27"}],"version-history":[{"count":0,"href":"https:\/\/casavacanzatoscana.it\/fr\/wp-json\/wp\/v2\/pages\/27\/revisions"}],"wp:attachment":[{"href":"https:\/\/casavacanzatoscana.it\/fr\/wp-json\/wp\/v2\/media?parent=27"}],"curies":[{"name":"wp","href":"https:\/\/api.w.org\/{rel}","templated":true}]}}