{"id":25,"date":"2015-09-29T22:56:20","date_gmt":"2015-09-29T22:56:20","guid":{"rendered":"http:\/\/casavacanzatoscana.it\/?page_id=25"},"modified":"2025-12-21T21:01:11","modified_gmt":"2025-12-21T21:01:11","slug":"wine","status":"publish","type":"page","link":"https:\/\/casavacanzatoscana.it\/fr\/wine\/","title":{"rendered":"Vin"},"content":{"rendered":"<h1>Randonn\u00e9e dans le go\u00fbt: le vin.<\/h1>\n\n<p><b>Les \u00ab\u00a0Routes du vin\u00a0\u00bb sont des itin\u00e9raires<\/b><br \/>\nqui traversent des territoires essentiellement vou\u00e9s \u00e0 la viticulture vinicole caract\u00e9ris\u00e9s, au-del\u00e0 de leurs vignes et des caves de leurs exploitations agricoles, par des richesses naturelles, historiques et culturelles d&rsquo;un int\u00e9r\u00eat particulier dont le but est la mise en place d&rsquo;une proposition qui int\u00e8gre l&rsquo;\u0153nologie au tourisme<\/p>\n<p>Les \u00ab\u00a0Routes du vin\u00a0\u00bb repr\u00e9sentent une mani\u00e8re de promouvoir le d\u00e9veloppement du monde rural et de son territoire et se fixent comme objectif de favoriser et de relancer le Tourisme \u0152nologique comme mouvement pour la valorisation de la production viticole et vinicole dans un contexte \u00e0 la fois culturel, environnemental, historique et social.<\/p>\n<p>La Commune de Montepulciano compte environ 15000 habitants dont le tiers r\u00e9side dans le chef-lieu, pour un territoire d&rsquo;une superficie de 165 km\u00b2 ; il s&rsquo;agit de la plus grande des dix communes de la Valdichiana siennoise. Elle se dresse sur une colline \u00e0 605 m. au-dessus du niveau de la mer du haut de laquelle il est possible d&rsquo;admirer la vall\u00e9e et tous les territoires de la commune ; les cultures d&rsquo;oliviers et de vignobles ainsi que les collines de cr\u00eate qui font partie des multiples aspects naturels de la zone contribuent ult\u00e9rieurement \u00e0 la beaut\u00e9 d&rsquo;un paysage cisel\u00e9 verticalement par les cypr\u00e8s . Du haut du palais communal style Renaissance on aper\u00e7oit les Monts Sibyllins et le Cimone et par temps particuli\u00e8rement cl\u00e9ment, le Gran Sasso des Abruzzes. De Montepulciano, on acc\u00e8de facilement \u00e0 la Val d&rsquo;Orcia (Pienza, San Quirico, Bagno Vignoni), \u00e0 l&rsquo;Amiata, l&rsquo;Ombrie (P\u00e9rouse, Assise, le lac Trasim\u00e8ne) et au Latium.<br \/>\nSan Giminiano<br \/>\nDe douces collines recouvertes de vignes, d&rsquo;oliveraies, de champs aux cultures vari\u00e9es et de bois verdoyants, tel se pr\u00e9sente le riant paysage qui s&rsquo;offre aux yeux du voyageur lorsqu&rsquo;il arrive \u00e0 San Giminiano quelle que soit sa provenance. Les tours et les palais m\u00e9di\u00e9vaux qui se profilent aux abords de ce joyau, de ce bourg si bien conserv\u00e9 que m\u00eame l&rsquo;U.N.E.S.C.O. l&rsquo;a class\u00e9 parmi les biens \u00ab\u00a0\u00e0 sauvegarder\u00a0\u00bb, ne constituent donc pas l&rsquo;unique merveille de ce coin de Toscane.<br \/>\nMaremma<br \/>\nCette route voit le jour sur un terroir que l&rsquo;on peut \u00e0 juste titre d\u00e9finir la \u00ab\u00a0perle de la Maremma\u00a0\u00bb ; elle traverse 13 communes et propose 4 D.O.C parmi les vins de la zone. Ce lieu raconte \u00e0 travers sa culture, l&rsquo;histoire de l&rsquo;homme depuis la p\u00e9riode \u00e9trusque (et peut-\u00eatre m\u00eame avant) jusqu&rsquo;\u00e0 nos jours, l\u00e0 o\u00f9 l&rsquo;\u00e9poque moderne s&rsquo;est inspir\u00e9e des anciennes coutumes et des plus authentiques traditions. L\u00e0 o\u00f9 la nature s&rsquo;exprime le mieux \u00e0 travers ses couleurs, son climat, ses parfums et o\u00f9 les collines se refl\u00e8tent quasiment dans la mer. L\u00e0 o\u00f9 les bois ont un go\u00fbt sauvage tandis que la campagne devient l&rsquo;alli\u00e9e de l&rsquo;homme. Et voici la campagne, l&rsquo;agriculture, un point de rep\u00e8re fondamental de l&rsquo;\u00e9conomie de la zone.<\/p>\n","protected":false},"excerpt":{"rendered":"<p>Randonn\u00e9e dans le go\u00fbt: le vin. Les \u00ab\u00a0Routes du vin\u00a0\u00bb sont des itin\u00e9raires qui traversent des territoires essentiellement vou\u00e9s \u00e0 la viticulture vinicole caract\u00e9ris\u00e9s, au-del\u00e0 de leurs vignes et des caves de leurs exploitations agricoles, par des richesses naturelles, historiques et culturelles d&rsquo;un int\u00e9r\u00eat particulier dont le but est la mise en place d&rsquo;une proposition [&hellip;]<\/p>\n","protected":false},"author":1,"featured_media":0,"parent":0,"menu_order":10,"comment_status":"closed","ping_status":"closed","template":"","meta":{"_joinchat":[],"footnotes":""},"class_list":["post-25","page","type-page","status-publish","hentry"],"translation":{"provider":"WPGlobus","version":"3.0.2","language":"fr","enabled_languages":["it","en","fr"],"languages":{"it":{"title":true,"content":true,"excerpt":false},"en":{"title":true,"content":true,"excerpt":false},"fr":{"title":true,"content":true,"excerpt":false}}},"yoast_head":"<!-- This site is optimized with the Yoast SEO plugin v27.4 - https:\/\/yoast.com\/product\/yoast-seo-wordpress\/ -->\n<title>Casa Vacanza Toscana &quot;Poggio Cantarello Country Home&quot;<\/title>\n<meta name=\"robots\" content=\"index, follow, max-snippet:-1, max-image-preview:large, max-video-preview:-1\" \/>\n<link rel=\"canonical\" href=\"https:\/\/casavacanzatoscana.it\/wine\/\" \/>\n<meta property=\"og:locale\" content=\"fr_FR\" \/>\n<meta property=\"og:type\" content=\"article\" \/>\n<meta property=\"og:title\" content=\"&#8902; Poggio Cantarello Maisonette de Campagne Toscane\" \/>\n<meta property=\"og:url\" content=\"https:\/\/casavacanzatoscana.it\/wine\/\" \/>\n<meta property=\"og:site_name\" content=\"Poggio Cantarello Maisonette de Campagne Toscane\" \/>\n<meta property=\"article:modified_time\" content=\"2025-12-21T21:01:11+00:00\" \/>\n<meta property=\"og:image\" content=\"https:\/\/casavacanzatoscana.it\/wp-content\/uploads\/2015\/10\/coppia-camino.jpg\" \/>\n\t<meta property=\"og:image:width\" content=\"880\" \/>\n\t<meta property=\"og:image:height\" content=\"448\" \/>\n\t<meta property=\"og:image:type\" content=\"image\/jpeg\" \/>\n<meta name=\"twitter:card\" content=\"summary_large_image\" \/>\n<meta name=\"twitter:label1\" content=\"Dur\u00e9e de lecture estim\u00e9e\" \/>\n\t<meta name=\"twitter:data1\" content=\"3 minutes\" \/>\n<script type=\"application\/ld+json\" class=\"yoast-schema-graph\">{\"@context\":\"https:\\\/\\\/schema.org\",\"@graph\":[{\"@type\":\"WebPage\",\"@id\":\"https:\\\/\\\/casavacanzatoscana.it\\\/wine\\\/\",\"url\":\"https:\\\/\\\/casavacanzatoscana.it\\\/wine\\\/\",\"name\":\"Casa Vacanza Toscana \\\"Poggio Cantarello Country Home\\\"\",\"isPartOf\":{\"@id\":\"https:\\\/\\\/casavacanzatoscana.it\\\/#website\"},\"datePublished\":\"2015-09-29T22:56:20+00:00\",\"dateModified\":\"2025-12-21T21:01:11+00:00\",\"description\":\"Casa Vacanza Toscana \\\"Poggio Cantarello Country Home\\\" per una vacanza all'insegna del Relax e benessere nella campagna senese\",\"breadcrumb\":{\"@id\":\"https:\\\/\\\/casavacanzatoscana.it\\\/wine\\\/#breadcrumb\"},\"inLanguage\":\"fr-FR\",\"potentialAction\":[{\"@type\":\"ReadAction\",\"target\":[\"https:\\\/\\\/casavacanzatoscana.it\\\/wine\\\/\"]}]},{\"@type\":\"BreadcrumbList\",\"@id\":\"https:\\\/\\\/casavacanzatoscana.it\\\/wine\\\/#breadcrumb\",\"itemListElement\":[{\"@type\":\"ListItem\",\"position\":1,\"name\":\"Home\",\"item\":\"https:\\\/\\\/casavacanzatoscana.it\\\/\"},{\"@type\":\"ListItem\",\"position\":2,\"name\":\"{:it}Vino{:}{:en}Wine{:}{:fr}Vin{:}\"}]},{\"@type\":\"WebSite\",\"@id\":\"https:\\\/\\\/casavacanzatoscana.it\\\/#website\",\"url\":\"https:\\\/\\\/casavacanzatoscana.it\\\/\",\"name\":\"{:it}Casa Vacanza Toscana Poggio Cantarello{:}{:en}Poggio Cantarello Country Home Tuscany{:}{:fr}Poggio Cantarello Maisonette de Campagne Toscane{:}\",\"description\":\"Relax et bien-\u00eatre\",\"publisher\":{\"@id\":\"https:\\\/\\\/casavacanzatoscana.it\\\/#\\\/schema\\\/person\\\/4358e1e39963cda68187c3d35f84e07d\"},\"potentialAction\":[{\"@type\":\"SearchAction\",\"target\":{\"@type\":\"EntryPoint\",\"urlTemplate\":\"https:\\\/\\\/casavacanzatoscana.it\\\/?s={search_term_string}\"},\"query-input\":{\"@type\":\"PropertyValueSpecification\",\"valueRequired\":true,\"valueName\":\"search_term_string\"}}],\"inLanguage\":\"fr-FR\"},{\"@type\":[\"Person\",\"Organization\"],\"@id\":\"https:\\\/\\\/casavacanzatoscana.it\\\/#\\\/schema\\\/person\\\/4358e1e39963cda68187c3d35f84e07d\",\"name\":\"casavac2\",\"image\":{\"@type\":\"ImageObject\",\"inLanguage\":\"fr-FR\",\"@id\":\"https:\\\/\\\/secure.gravatar.com\\\/avatar\\\/21f5c1240386d20f2792f697d241b5c09087e44d1ac9901457718f0be0052309?s=96&d=mm&r=g\",\"url\":\"https:\\\/\\\/secure.gravatar.com\\\/avatar\\\/21f5c1240386d20f2792f697d241b5c09087e44d1ac9901457718f0be0052309?s=96&d=mm&r=g\",\"contentUrl\":\"https:\\\/\\\/secure.gravatar.com\\\/avatar\\\/21f5c1240386d20f2792f697d241b5c09087e44d1ac9901457718f0be0052309?s=96&d=mm&r=g\",\"caption\":\"casavac2\"},\"logo\":{\"@id\":\"https:\\\/\\\/secure.gravatar.com\\\/avatar\\\/21f5c1240386d20f2792f697d241b5c09087e44d1ac9901457718f0be0052309?s=96&d=mm&r=g\"}}]}<\/script>\n<!-- \/ Yoast SEO plugin. -->","yoast_head_json":{"title":"Casa Vacanza Toscana \"Poggio Cantarello Country Home\"","robots":{"index":"index","follow":"follow","max-snippet":"max-snippet:-1","max-image-preview":"max-image-preview:large","max-video-preview":"max-video-preview:-1"},"canonical":"https:\/\/casavacanzatoscana.it\/wine\/","og_locale":"fr_FR","og_type":"article","og_title":"&#8902; Poggio Cantarello Maisonette de Campagne Toscane","og_url":"https:\/\/casavacanzatoscana.it\/wine\/","og_site_name":"Poggio Cantarello Maisonette de Campagne Toscane","article_modified_time":"2025-12-21T21:01:11+00:00","og_image":[{"width":880,"height":448,"url":"https:\/\/casavacanzatoscana.it\/wp-content\/uploads\/2015\/10\/coppia-camino.jpg","type":"image\/jpeg"}],"twitter_card":"summary_large_image","twitter_misc":{"Dur\u00e9e de lecture estim\u00e9e":"3 minutes"},"schema":{"@context":"https:\/\/schema.org","@graph":[{"@type":"WebPage","@id":"https:\/\/casavacanzatoscana.it\/wine\/","url":"https:\/\/casavacanzatoscana.it\/wine\/","name":"Casa Vacanza Toscana \"Poggio Cantarello Country Home\"","isPartOf":{"@id":"https:\/\/casavacanzatoscana.it\/#website"},"datePublished":"2015-09-29T22:56:20+00:00","dateModified":"2025-12-21T21:01:11+00:00","description":"Casa Vacanza Toscana \"Poggio Cantarello Country Home\" per una vacanza all'insegna del Relax e benessere nella campagna senese","breadcrumb":{"@id":"https:\/\/casavacanzatoscana.it\/wine\/#breadcrumb"},"inLanguage":"fr-FR","potentialAction":[{"@type":"ReadAction","target":["https:\/\/casavacanzatoscana.it\/wine\/"]}]},{"@type":"BreadcrumbList","@id":"https:\/\/casavacanzatoscana.it\/wine\/#breadcrumb","itemListElement":[{"@type":"ListItem","position":1,"name":"Home","item":"https:\/\/casavacanzatoscana.it\/"},{"@type":"ListItem","position":2,"name":"{:it}Vino{:}{:en}Wine{:}{:fr}Vin{:}"}]},{"@type":"WebSite","@id":"https:\/\/casavacanzatoscana.it\/#website","url":"https:\/\/casavacanzatoscana.it\/","name":"{:it}Casa Vacanza Toscana Poggio Cantarello{:}{:en}Poggio Cantarello Country Home Tuscany{:}{:fr}Poggio Cantarello Maisonette de Campagne Toscane{:}","description":"Relax et bien-\u00eatre","publisher":{"@id":"https:\/\/casavacanzatoscana.it\/#\/schema\/person\/4358e1e39963cda68187c3d35f84e07d"},"potentialAction":[{"@type":"SearchAction","target":{"@type":"EntryPoint","urlTemplate":"https:\/\/casavacanzatoscana.it\/?s={search_term_string}"},"query-input":{"@type":"PropertyValueSpecification","valueRequired":true,"valueName":"search_term_string"}}],"inLanguage":"fr-FR"},{"@type":["Person","Organization"],"@id":"https:\/\/casavacanzatoscana.it\/#\/schema\/person\/4358e1e39963cda68187c3d35f84e07d","name":"casavac2","image":{"@type":"ImageObject","inLanguage":"fr-FR","@id":"https:\/\/secure.gravatar.com\/avatar\/21f5c1240386d20f2792f697d241b5c09087e44d1ac9901457718f0be0052309?s=96&d=mm&r=g","url":"https:\/\/secure.gravatar.com\/avatar\/21f5c1240386d20f2792f697d241b5c09087e44d1ac9901457718f0be0052309?s=96&d=mm&r=g","contentUrl":"https:\/\/secure.gravatar.com\/avatar\/21f5c1240386d20f2792f697d241b5c09087e44d1ac9901457718f0be0052309?s=96&d=mm&r=g","caption":"casavac2"},"logo":{"@id":"https:\/\/secure.gravatar.com\/avatar\/21f5c1240386d20f2792f697d241b5c09087e44d1ac9901457718f0be0052309?s=96&d=mm&r=g"}}]}},"_links":{"self":[{"href":"https:\/\/casavacanzatoscana.it\/fr\/wp-json\/wp\/v2\/pages\/25","targetHints":{"allow":["GET"]}}],"collection":[{"href":"https:\/\/casavacanzatoscana.it\/fr\/wp-json\/wp\/v2\/pages"}],"about":[{"href":"https:\/\/casavacanzatoscana.it\/fr\/wp-json\/wp\/v2\/types\/page"}],"author":[{"embeddable":true,"href":"https:\/\/casavacanzatoscana.it\/fr\/wp-json\/wp\/v2\/users\/1"}],"replies":[{"embeddable":true,"href":"https:\/\/casavacanzatoscana.it\/fr\/wp-json\/wp\/v2\/comments?post=25"}],"version-history":[{"count":0,"href":"https:\/\/casavacanzatoscana.it\/fr\/wp-json\/wp\/v2\/pages\/25\/revisions"}],"wp:attachment":[{"href":"https:\/\/casavacanzatoscana.it\/fr\/wp-json\/wp\/v2\/media?parent=25"}],"curies":[{"name":"wp","href":"https:\/\/api.w.org\/{rel}","templated":true}]}}