{"id":23,"date":"2015-09-29T22:55:37","date_gmt":"2015-09-29T22:55:37","guid":{"rendered":"http:\/\/casavacanzatoscana.it\/?page_id=23"},"modified":"2025-12-26T21:27:50","modified_gmt":"2025-12-26T21:27:50","slug":"escape-to-poggio-cantarello-for-an-authentic-tuscan-wellness-retreat-a-charming-country-house-with-a-pool-surrounded-by-nature-and-silence-your-perfect-countryside-getaway-awaits","status":"publish","type":"page","link":"https:\/\/casavacanzatoscana.it\/fr\/escape-to-poggio-cantarello-for-an-authentic-tuscan-wellness-retreat-a-charming-country-house-with-a-pool-surrounded-by-nature-and-silence-your-perfect-countryside-getaway-awaits\/","title":{"rendered":"Wellness"},"content":{"rendered":"<h1 class=\"home\"><\/h1>\n<h1 class=\"home\">Excursions dans le Bien-\u00eatre: les bains thermals.<\/h1>\n<p><b>Les Thermes ne sont pas toutes en Toscane&#8230;<\/b><br \/>\n<a href=\"http:\/\/casavacanzatoscana.it\/wp-content\/uploads\/2015\/10\/toscana_vacanza_terme.jpg\"><img loading=\"lazy\" decoding=\"async\" class=\"size-full wp-image-324 alignright\" src=\"http:\/\/casavacanzatoscana.it\/wp-content\/uploads\/2015\/10\/toscana_vacanza_terme.jpg\" alt=\"toscana_vacanza_terme\" width=\"200\" height=\"200\" \/><\/a><\/p>\n<p>Mais on peut dire que les plus suggestives et plus vari\u00e9s sont ici, dans la \u00ab Val d\u2019Orcia \u00bb : Ruisseaux tonifiants, grottes et cascade d\u2019eau chaude.<br \/>\nLes thermes sont d\u00e9sormais les nouveaux temples de la Sant\u00e9 en Toscane, o\u00f9 \u00e0 la beaut\u00e9 des lieux s\u2019ajoutent des structures touristique r\u00e9nov\u00e9es. Lieux charmants o\u00f9 la nature r\u00e9pond au besoin de sant\u00e9 et bien-\u00eatre.<\/p>\n<p>Voici des exemples de lieux thermale dans la province de Sienne.<b><\/b><\/p>\n<p>&nbsp;<\/p>\n<h3><img loading=\"lazy\" decoding=\"async\" src=\"http:\/\/www.casavacanzatoscana.it\/immagini\/9.gif\" alt=\"benessere terme toscana\" width=\"23\" height=\"18\" longdesc=\"http:\/\/www.casavacanzatoscana.it\/benessere%20terme%20toscana\" border=\"0\" \/> Thermes de BAGNI SAN FILIPPO<\/h3>\n<p>Une des plus importantes thermes de Sienne est Bagni San Filippo, situ\u00e9e dans la commune de Castiglione D\u2019Orcia, avec ses cinq sources chaudes qui alimentent une belle piscine, peut \u00e0 juste titre se vanter de poss\u00e9der quelque chose de miraculeux en raison de bienfaits de ses eaux.<br \/>\nA\u2019 partir de 1600 les eaux de Bagni San Filippo eurent une grand p\u00e9riode de notori\u00e9t\u00e9 quand le grand-duc Fernand II qui avait des c\u00e9phal\u00e9es gu\u00e9rit gr\u00e2ce aux b\u00e9n\u00e9fices de ces eaux.<\/p>\n<h3><img loading=\"lazy\" decoding=\"async\" src=\"http:\/\/www.casavacanzatoscana.it\/immagini\/9.gif\" alt=\"benessere terme toscana\" width=\"23\" height=\"18\" longdesc=\"http:\/\/www.casavacanzatoscana.it\/benessere%20terme%20toscana\" border=\"0\" \/> Thermes de BAGNO VIGNONI<\/h3>\n<p>Le bourg tout entier est vou\u00e9 au culte des eaux et non tant pour son nom, mais pour la place principale qui l\u2019embrasse, la quelle se pr\u00e9sente sous la forme d\u2019un gigantesque bassin d\u2019eau thermale bouillante qui coule \u00e0 52 degr\u00e9s.<br \/>\nLe bourg thermal a \u00e9t\u00e9 fr\u00e9quent\u00e9 par Lorent le Magnifique et par le Pape Pio II qui fit construire une ville, transform\u00e9e aujourd\u2019hui en un hotel.<\/p>\n<h3><img loading=\"lazy\" decoding=\"async\" src=\"http:\/\/www.casavacanzatoscana.it\/immagini\/9.gif\" alt=\"benessere terme toscana\" width=\"23\" height=\"18\" longdesc=\"http:\/\/www.casavacanzatoscana.it\/benessere%20terme%20toscana\" border=\"0\" \/> Thermes de CHIANCIANO<\/h3>\n<p>Chianciano Terme peut \u00eatre d\u00e9finie comme une ville consacr\u00e9e au bien-\u00eatre.<br \/>\nA\u2019 550 m. au-dessus du niveau de la mer, il est possible de retrouver dans ses structures thermales le juste \u00e9quilibre psychologiques et physique, gr\u00e2ce \u00e9galement \u00e0 des rem\u00e8des naturels et aux technologies les plus avanc\u00e9es.<br \/>\nC\u2019est un centre tr\u00e8s riche d\u2019eau min\u00e9raux b\u00e9n\u00e9fiques, de grands parcs et de nombreux et modernes h\u00f4tels, qui font de cette ville une des plus importantes station thermale d\u2019Europe<\/p>\n<h3><img loading=\"lazy\" decoding=\"async\" src=\"http:\/\/www.casavacanzatoscana.it\/immagini\/9.gif\" alt=\"benessere terme toscana\" width=\"23\" height=\"18\" longdesc=\"http:\/\/www.casavacanzatoscana.it\/benessere%20terme%20toscana\" border=\"0\" \/> Thermes de SAN CASCIANO DEI BAGNI<\/h3>\n<p>San Casciano dei Bagni est un gracieux bourg avec un ch\u00e2teau m\u00e9di\u00e9val.<br \/>\nA 600 m. au-dessus du niveau de la mer, ce bourg est situ\u00e9 sur les flancs m\u00e9ridionaux du mont Cetona.<br \/>\nLes sources qui jaillissent du c\u0153ur de la montagne sont au nombre de 42, chacune d\u2019elles poss\u00e9dant des caract\u00e9ristique sp\u00e9cifiques.<\/p>\n","protected":false},"excerpt":{"rendered":"<p>Excursions dans le Bien-\u00eatre: les bains thermals. Les Thermes ne sont pas toutes en Toscane&#8230; Mais on peut dire que les plus suggestives et plus vari\u00e9s sont ici, dans la \u00ab Val d\u2019Orcia \u00bb : Ruisseaux tonifiants, grottes et cascade d\u2019eau chaude. Les thermes sont d\u00e9sormais les nouveaux temples de la Sant\u00e9 en Toscane, o\u00f9 [&hellip;]<\/p>\n","protected":false},"author":1,"featured_media":0,"parent":0,"menu_order":8,"comment_status":"closed","ping_status":"closed","template":"","meta":{"_joinchat":[],"footnotes":""},"class_list":["post-23","page","type-page","status-publish","hentry"],"translation":{"provider":"WPGlobus","version":"3.0.2","language":"fr","enabled_languages":["it","en","fr"],"languages":{"it":{"title":true,"content":true,"excerpt":false},"en":{"title":true,"content":true,"excerpt":false},"fr":{"title":true,"content":true,"excerpt":false}}},"yoast_head":"<!-- This site is optimized with the Yoast SEO plugin v27.3 - https:\/\/yoast.com\/product\/yoast-seo-wordpress\/ -->\n<title>Week end Benessere Toscana in tipico casolare di campagna<\/title>\n<meta name=\"robots\" content=\"index, follow, max-snippet:-1, max-image-preview:large, max-video-preview:-1\" \/>\n<link rel=\"canonical\" href=\"https:\/\/casavacanzatoscana.it\/escape-to-poggio-cantarello-for-an-authentic-tuscan-wellness-retreat-a-charming-country-house-with-a-pool-surrounded-by-nature-and-silence-your-perfect-countryside-getaway-awaits\/\" \/>\n<meta property=\"og:locale\" content=\"fr_FR\" \/>\n<meta property=\"og:type\" content=\"article\" \/>\n<meta property=\"og:title\" content=\"&#8902; Poggio Cantarello Maisonette de Campagne Toscane\" \/>\n<meta property=\"og:url\" content=\"https:\/\/casavacanzatoscana.it\/escape-to-poggio-cantarello-for-an-authentic-tuscan-wellness-retreat-a-charming-country-house-with-a-pool-surrounded-by-nature-and-silence-your-perfect-countryside-getaway-awaits\/\" \/>\n<meta property=\"og:site_name\" content=\"Poggio Cantarello Maisonette de Campagne Toscane\" \/>\n<meta property=\"article:modified_time\" content=\"2025-12-26T21:27:50+00:00\" \/>\n<meta property=\"og:image\" content=\"http:\/\/www.casavacanzatoscana.it\/immagini\/9.gif\" \/>\n<meta name=\"twitter:card\" content=\"summary_large_image\" \/>\n<meta name=\"twitter:label1\" content=\"Dur\u00e9e de lecture estim\u00e9e\" \/>\n\t<meta name=\"twitter:data1\" content=\"4 minutes\" \/>\n<script type=\"application\/ld+json\" class=\"yoast-schema-graph\">{\"@context\":\"https:\\\/\\\/schema.org\",\"@graph\":[{\"@type\":\"WebPage\",\"@id\":\"https:\\\/\\\/casavacanzatoscana.it\\\/escape-to-poggio-cantarello-for-an-authentic-tuscan-wellness-retreat-a-charming-country-house-with-a-pool-surrounded-by-nature-and-silence-your-perfect-countryside-getaway-awaits\\\/\",\"url\":\"https:\\\/\\\/casavacanzatoscana.it\\\/escape-to-poggio-cantarello-for-an-authentic-tuscan-wellness-retreat-a-charming-country-house-with-a-pool-surrounded-by-nature-and-silence-your-perfect-countryside-getaway-awaits\\\/\",\"name\":\"Week end Benessere Toscana in tipico casolare di campagna\",\"isPartOf\":{\"@id\":\"https:\\\/\\\/casavacanzatoscana.it\\\/#website\"},\"primaryImageOfPage\":{\"@id\":\"https:\\\/\\\/casavacanzatoscana.it\\\/escape-to-poggio-cantarello-for-an-authentic-tuscan-wellness-retreat-a-charming-country-house-with-a-pool-surrounded-by-nature-and-silence-your-perfect-countryside-getaway-awaits\\\/#primaryimage\"},\"image\":{\"@id\":\"https:\\\/\\\/casavacanzatoscana.it\\\/escape-to-poggio-cantarello-for-an-authentic-tuscan-wellness-retreat-a-charming-country-house-with-a-pool-surrounded-by-nature-and-silence-your-perfect-countryside-getaway-awaits\\\/#primaryimage\"},\"thumbnailUrl\":\"http:\\\/\\\/www.casavacanzatoscana.it\\\/immagini\\\/9.gif\",\"datePublished\":\"2015-09-29T22:55:37+00:00\",\"dateModified\":\"2025-12-26T21:27:50+00:00\",\"description\":\"Week end Benessere Toscana in tipico casolare di campagna \\\"Poggio Cantarello Country Home\\\" per una vacanza all'insegna del benessere e Relax\",\"breadcrumb\":{\"@id\":\"https:\\\/\\\/casavacanzatoscana.it\\\/escape-to-poggio-cantarello-for-an-authentic-tuscan-wellness-retreat-a-charming-country-house-with-a-pool-surrounded-by-nature-and-silence-your-perfect-countryside-getaway-awaits\\\/#breadcrumb\"},\"inLanguage\":\"fr-FR\",\"potentialAction\":[{\"@type\":\"ReadAction\",\"target\":[\"https:\\\/\\\/casavacanzatoscana.it\\\/escape-to-poggio-cantarello-for-an-authentic-tuscan-wellness-retreat-a-charming-country-house-with-a-pool-surrounded-by-nature-and-silence-your-perfect-countryside-getaway-awaits\\\/\"]}]},{\"@type\":\"ImageObject\",\"inLanguage\":\"fr-FR\",\"@id\":\"https:\\\/\\\/casavacanzatoscana.it\\\/escape-to-poggio-cantarello-for-an-authentic-tuscan-wellness-retreat-a-charming-country-house-with-a-pool-surrounded-by-nature-and-silence-your-perfect-countryside-getaway-awaits\\\/#primaryimage\",\"url\":\"http:\\\/\\\/www.casavacanzatoscana.it\\\/immagini\\\/9.gif\",\"contentUrl\":\"http:\\\/\\\/www.casavacanzatoscana.it\\\/immagini\\\/9.gif\"},{\"@type\":\"BreadcrumbList\",\"@id\":\"https:\\\/\\\/casavacanzatoscana.it\\\/escape-to-poggio-cantarello-for-an-authentic-tuscan-wellness-retreat-a-charming-country-house-with-a-pool-surrounded-by-nature-and-silence-your-perfect-countryside-getaway-awaits\\\/#breadcrumb\",\"itemListElement\":[{\"@type\":\"ListItem\",\"position\":1,\"name\":\"Home\",\"item\":\"https:\\\/\\\/casavacanzatoscana.it\\\/\"},{\"@type\":\"ListItem\",\"position\":2,\"name\":\"Benessere\"}]},{\"@type\":\"WebSite\",\"@id\":\"https:\\\/\\\/casavacanzatoscana.it\\\/#website\",\"url\":\"https:\\\/\\\/casavacanzatoscana.it\\\/\",\"name\":\"{:it}Casa Vacanza Toscana Poggio Cantarello{:}{:en}Poggio Cantarello Country Home Tuscany{:}{:fr}Poggio Cantarello Maisonette de Campagne Toscane{:}\",\"description\":\"Relax et bien-\u00eatre\",\"publisher\":{\"@id\":\"https:\\\/\\\/casavacanzatoscana.it\\\/#\\\/schema\\\/person\\\/4358e1e39963cda68187c3d35f84e07d\"},\"potentialAction\":[{\"@type\":\"SearchAction\",\"target\":{\"@type\":\"EntryPoint\",\"urlTemplate\":\"https:\\\/\\\/casavacanzatoscana.it\\\/?s={search_term_string}\"},\"query-input\":{\"@type\":\"PropertyValueSpecification\",\"valueRequired\":true,\"valueName\":\"search_term_string\"}}],\"inLanguage\":\"fr-FR\"},{\"@type\":[\"Person\",\"Organization\"],\"@id\":\"https:\\\/\\\/casavacanzatoscana.it\\\/#\\\/schema\\\/person\\\/4358e1e39963cda68187c3d35f84e07d\",\"name\":\"casavac2\",\"image\":{\"@type\":\"ImageObject\",\"inLanguage\":\"fr-FR\",\"@id\":\"https:\\\/\\\/secure.gravatar.com\\\/avatar\\\/21f5c1240386d20f2792f697d241b5c09087e44d1ac9901457718f0be0052309?s=96&d=mm&r=g\",\"url\":\"https:\\\/\\\/secure.gravatar.com\\\/avatar\\\/21f5c1240386d20f2792f697d241b5c09087e44d1ac9901457718f0be0052309?s=96&d=mm&r=g\",\"contentUrl\":\"https:\\\/\\\/secure.gravatar.com\\\/avatar\\\/21f5c1240386d20f2792f697d241b5c09087e44d1ac9901457718f0be0052309?s=96&d=mm&r=g\",\"caption\":\"casavac2\"},\"logo\":{\"@id\":\"https:\\\/\\\/secure.gravatar.com\\\/avatar\\\/21f5c1240386d20f2792f697d241b5c09087e44d1ac9901457718f0be0052309?s=96&d=mm&r=g\"}}]}<\/script>\n<!-- \/ Yoast SEO plugin. -->","yoast_head_json":{"title":"Week end Benessere Toscana in tipico casolare di campagna","robots":{"index":"index","follow":"follow","max-snippet":"max-snippet:-1","max-image-preview":"max-image-preview:large","max-video-preview":"max-video-preview:-1"},"canonical":"https:\/\/casavacanzatoscana.it\/escape-to-poggio-cantarello-for-an-authentic-tuscan-wellness-retreat-a-charming-country-house-with-a-pool-surrounded-by-nature-and-silence-your-perfect-countryside-getaway-awaits\/","og_locale":"fr_FR","og_type":"article","og_title":"&#8902; Poggio Cantarello Maisonette de Campagne Toscane","og_url":"https:\/\/casavacanzatoscana.it\/escape-to-poggio-cantarello-for-an-authentic-tuscan-wellness-retreat-a-charming-country-house-with-a-pool-surrounded-by-nature-and-silence-your-perfect-countryside-getaway-awaits\/","og_site_name":"Poggio Cantarello Maisonette de Campagne Toscane","article_modified_time":"2025-12-26T21:27:50+00:00","og_image":[{"url":"http:\/\/www.casavacanzatoscana.it\/immagini\/9.gif","type":"","width":"","height":""}],"twitter_card":"summary_large_image","twitter_misc":{"Dur\u00e9e de lecture estim\u00e9e":"4 minutes"},"schema":{"@context":"https:\/\/schema.org","@graph":[{"@type":"WebPage","@id":"https:\/\/casavacanzatoscana.it\/escape-to-poggio-cantarello-for-an-authentic-tuscan-wellness-retreat-a-charming-country-house-with-a-pool-surrounded-by-nature-and-silence-your-perfect-countryside-getaway-awaits\/","url":"https:\/\/casavacanzatoscana.it\/escape-to-poggio-cantarello-for-an-authentic-tuscan-wellness-retreat-a-charming-country-house-with-a-pool-surrounded-by-nature-and-silence-your-perfect-countryside-getaway-awaits\/","name":"Week end Benessere Toscana in tipico casolare di campagna","isPartOf":{"@id":"https:\/\/casavacanzatoscana.it\/#website"},"primaryImageOfPage":{"@id":"https:\/\/casavacanzatoscana.it\/escape-to-poggio-cantarello-for-an-authentic-tuscan-wellness-retreat-a-charming-country-house-with-a-pool-surrounded-by-nature-and-silence-your-perfect-countryside-getaway-awaits\/#primaryimage"},"image":{"@id":"https:\/\/casavacanzatoscana.it\/escape-to-poggio-cantarello-for-an-authentic-tuscan-wellness-retreat-a-charming-country-house-with-a-pool-surrounded-by-nature-and-silence-your-perfect-countryside-getaway-awaits\/#primaryimage"},"thumbnailUrl":"http:\/\/www.casavacanzatoscana.it\/immagini\/9.gif","datePublished":"2015-09-29T22:55:37+00:00","dateModified":"2025-12-26T21:27:50+00:00","description":"Week end Benessere Toscana in tipico casolare di campagna \"Poggio Cantarello Country Home\" per una vacanza all'insegna del benessere e Relax","breadcrumb":{"@id":"https:\/\/casavacanzatoscana.it\/escape-to-poggio-cantarello-for-an-authentic-tuscan-wellness-retreat-a-charming-country-house-with-a-pool-surrounded-by-nature-and-silence-your-perfect-countryside-getaway-awaits\/#breadcrumb"},"inLanguage":"fr-FR","potentialAction":[{"@type":"ReadAction","target":["https:\/\/casavacanzatoscana.it\/escape-to-poggio-cantarello-for-an-authentic-tuscan-wellness-retreat-a-charming-country-house-with-a-pool-surrounded-by-nature-and-silence-your-perfect-countryside-getaway-awaits\/"]}]},{"@type":"ImageObject","inLanguage":"fr-FR","@id":"https:\/\/casavacanzatoscana.it\/escape-to-poggio-cantarello-for-an-authentic-tuscan-wellness-retreat-a-charming-country-house-with-a-pool-surrounded-by-nature-and-silence-your-perfect-countryside-getaway-awaits\/#primaryimage","url":"http:\/\/www.casavacanzatoscana.it\/immagini\/9.gif","contentUrl":"http:\/\/www.casavacanzatoscana.it\/immagini\/9.gif"},{"@type":"BreadcrumbList","@id":"https:\/\/casavacanzatoscana.it\/escape-to-poggio-cantarello-for-an-authentic-tuscan-wellness-retreat-a-charming-country-house-with-a-pool-surrounded-by-nature-and-silence-your-perfect-countryside-getaway-awaits\/#breadcrumb","itemListElement":[{"@type":"ListItem","position":1,"name":"Home","item":"https:\/\/casavacanzatoscana.it\/"},{"@type":"ListItem","position":2,"name":"Benessere"}]},{"@type":"WebSite","@id":"https:\/\/casavacanzatoscana.it\/#website","url":"https:\/\/casavacanzatoscana.it\/","name":"{:it}Casa Vacanza Toscana Poggio Cantarello{:}{:en}Poggio Cantarello Country Home Tuscany{:}{:fr}Poggio Cantarello Maisonette de Campagne Toscane{:}","description":"Relax et bien-\u00eatre","publisher":{"@id":"https:\/\/casavacanzatoscana.it\/#\/schema\/person\/4358e1e39963cda68187c3d35f84e07d"},"potentialAction":[{"@type":"SearchAction","target":{"@type":"EntryPoint","urlTemplate":"https:\/\/casavacanzatoscana.it\/?s={search_term_string}"},"query-input":{"@type":"PropertyValueSpecification","valueRequired":true,"valueName":"search_term_string"}}],"inLanguage":"fr-FR"},{"@type":["Person","Organization"],"@id":"https:\/\/casavacanzatoscana.it\/#\/schema\/person\/4358e1e39963cda68187c3d35f84e07d","name":"casavac2","image":{"@type":"ImageObject","inLanguage":"fr-FR","@id":"https:\/\/secure.gravatar.com\/avatar\/21f5c1240386d20f2792f697d241b5c09087e44d1ac9901457718f0be0052309?s=96&d=mm&r=g","url":"https:\/\/secure.gravatar.com\/avatar\/21f5c1240386d20f2792f697d241b5c09087e44d1ac9901457718f0be0052309?s=96&d=mm&r=g","contentUrl":"https:\/\/secure.gravatar.com\/avatar\/21f5c1240386d20f2792f697d241b5c09087e44d1ac9901457718f0be0052309?s=96&d=mm&r=g","caption":"casavac2"},"logo":{"@id":"https:\/\/secure.gravatar.com\/avatar\/21f5c1240386d20f2792f697d241b5c09087e44d1ac9901457718f0be0052309?s=96&d=mm&r=g"}}]}},"_links":{"self":[{"href":"https:\/\/casavacanzatoscana.it\/fr\/wp-json\/wp\/v2\/pages\/23","targetHints":{"allow":["GET"]}}],"collection":[{"href":"https:\/\/casavacanzatoscana.it\/fr\/wp-json\/wp\/v2\/pages"}],"about":[{"href":"https:\/\/casavacanzatoscana.it\/fr\/wp-json\/wp\/v2\/types\/page"}],"author":[{"embeddable":true,"href":"https:\/\/casavacanzatoscana.it\/fr\/wp-json\/wp\/v2\/users\/1"}],"replies":[{"embeddable":true,"href":"https:\/\/casavacanzatoscana.it\/fr\/wp-json\/wp\/v2\/comments?post=23"}],"version-history":[{"count":0,"href":"https:\/\/casavacanzatoscana.it\/fr\/wp-json\/wp\/v2\/pages\/23\/revisions"}],"wp:attachment":[{"href":"https:\/\/casavacanzatoscana.it\/fr\/wp-json\/wp\/v2\/media?parent=23"}],"curies":[{"name":"wp","href":"https:\/\/api.w.org\/{rel}","templated":true}]}}