{"id":19,"date":"2015-09-29T22:52:03","date_gmt":"2015-09-29T22:52:03","guid":{"rendered":"http:\/\/casavacanzatoscana.it\/?page_id=19"},"modified":"2019-03-19T16:04:36","modified_gmt":"2019-03-19T16:04:36","slug":"to-see","status":"publish","type":"page","link":"https:\/\/casavacanzatoscana.it\/fr\/to-see\/","title":{"rendered":"Voir"},"content":{"rendered":"<h1>Excursions vers les villes d&rsquo;art<\/h1>\n<h1>Le povincia de Sienne et ses tr\u00e9sors:<\/h1>\n<h3><img loading=\"lazy\" decoding=\"async\" src=\"http:\/\/www.casavacanzatoscana.it\/immagini\/9.gif\" alt=\"benessere terme toscana\" width=\"23\" height=\"18\" longdesc=\"http:\/\/www.casavacanzatoscana.it\/benessere%20terme%20toscana\" border=\"0\" \/> SIENA<\/h3>\n<p><a href=\"http:\/\/casavacanzatoscana.it\/wp-content\/uploads\/2015\/10\/toscana_vacanza_orologio.jpg\"><img loading=\"lazy\" decoding=\"async\" class=\"size-full wp-image-307 alignright\" src=\"http:\/\/casavacanzatoscana.it\/wp-content\/uploads\/2015\/10\/toscana_vacanza_orologio.jpg\" alt=\"toscana_vacanza_orologio\" width=\"200\" height=\"200\" \/><\/a><br \/>\nSienne (Siena en italien) est une ville italienne, chef-lieu de la province du m\u00eame nom, dans la r\u00e9gion de Toscane. Elle compte 54 500 habitants (2004).<br \/>\nLa ville est c\u00e9l\u00e8bre pour son patrimoine artistique et pour la course du Palio delle Contrade, souvent abr\u00e9g\u00e9 en Palio, une spectaculaire course de chevaux qui voit s&rsquo;affronter les contrade (paroisses et quartiers) de la ville deux fois par an, le 2 juillet et le 16 ao\u00fbt.<\/p>\n<h3><img loading=\"lazy\" decoding=\"async\" src=\"http:\/\/www.casavacanzatoscana.it\/immagini\/9.gif\" alt=\"benessere terme toscana\" width=\"23\" height=\"18\" longdesc=\"http:\/\/www.casavacanzatoscana.it\/benessere%20terme%20toscana\" border=\"0\" \/>\u00a0SIENA: Histoire<\/h3>\n<p>Selon la l\u00e9gende, Sienne fut fond\u00e9e par Senius et Aschius, fils de R\u00e9mus, lui-m\u00eame fr\u00eare de Romulus (fondateur de Rome). Ils fuirent la ville pour \u00e9chapper \u00e0 la fureur de leur oncle Romulus, sur deux chevaux donn\u00e9s par Apollon et Diane, l&rsquo;un blanc et l&rsquo;autre noir. Ils s&rsquo;arr\u00eat\u00e8rent dans la vall\u00e9e du Tressa et fond\u00e8rent une ville qu&rsquo;ils baptis\u00e8rent du nom de l&rsquo;a\u00een\u00e9, Sienne. Le blanc et le noir devinrent alors les couleurs de la ville.<br \/>\nSienne fut une ancienne colonie romaine fond\u00e9e par Auguste. Au Ve si\u00e8cle, elle devint si\u00e8ge \u00e9piscopal. Au XIIe si\u00e8cle, une r\u00e9publique gibeline libre rempla\u00e7a le r\u00e9gime aristocratique pr\u00e9c\u00e9dent.<\/p>\n<h3><img loading=\"lazy\" decoding=\"async\" src=\"http:\/\/www.casavacanzatoscana.it\/immagini\/9.gif\" alt=\"benessere terme toscana\" width=\"23\" height=\"18\" longdesc=\"http:\/\/www.casavacanzatoscana.it\/benessere%20terme%20toscana\" border=\"0\" \/>\u00a0SIENA: Le Palio<\/h3>\n<p>La c\u00e9l\u00e8bre course de chevaux remonte \u00e0 la fin du XVIe si\u00e8cle. Le concile de Trente interdit alors les manifestations violentes (chasses aux taureaux, joutes collectives, etc.) qui se d\u00e9roulaient, \u00e0 Sienne, sur la place centrale, le Campo. La municipalit\u00e9 choisit alors d&rsquo;instaurer une course de chevaux dans les rues de la ville. En 1605, pour am\u00e9liorer la s\u00e9curit\u00e9 des habitants, la course fut d\u00e9plac\u00e9e sur le Campo. En m\u00eame temps, la course se courut d\u00e9sormais non plus entre individus (souvent de riches aristocrates) mais par contrada, \u00e0 la fois quartier et paroisse de la ville.<br \/>\nIl existe 17 contrade diff\u00e9rentes. Chaque course est disput\u00e9e par 10 chevaux. Les sept contrade exclues participent \u00e0 la course de l&rsquo;ann\u00e9e suivante. Elle est compl\u00e9t\u00e9e par trois contrade tir\u00e9es au sort parmi celles ayant couru l&rsquo;ann\u00e9e pr\u00e9c\u00e9dente. Les chevaux, des demi-sang, sont attribu\u00e9s aux contrade par tirage au sort. La course consiste en trois tours du Campo, ce qui ne prend gu\u00e8re que quelques minutes. Jusqu&rsquo;en 1715, les jockeys utilisaient le sovatto, un fouet aux lani\u00e8res munies de boules de plomb. D\u00e9sormais, ils se contentent d&rsquo;un nerf de b\u0153uf, utilis\u00e9 principalement pour frapper les chevaux et jockeys concurrents. Le cheval qui coupe en premier la ligne d&rsquo;arriv\u00e9e gagne la course, qu&rsquo;il porte son jockey ou non. La contrada dont le cheval porte les couleurs remporte alors la banni\u00e8re de soie attach\u00e9e \u00e0 une hallebarde, le palio \u00e0 proprement parler.<\/p>\n<h3><img loading=\"lazy\" decoding=\"async\" src=\"http:\/\/www.casavacanzatoscana.it\/immagini\/9.gif\" alt=\"benessere terme toscana\" width=\"23\" height=\"18\" longdesc=\"http:\/\/www.casavacanzatoscana.it\/benessere%20terme%20toscana\" border=\"0\" \/> PIENZA<\/h3>\n<p>C&rsquo;est dans cette ville toscane que les concepts urbanistiques de la Renaissance furent appliqu\u00e9s pour la premi\u00e8re fois, \u00e0 la suite de la d\u00e9cision prise par le pape Pie II, en 1459, de transformer sa ville natale et de confier cette \u0153uvre \u00e0 Bernardo Rossellino. Celui-ci mit en pratique les principes de son ma\u00eetre Leon Battista Alberti et construisit l&rsquo;extraordinaire place Pie-II, autour de laquelle s&rsquo;\u00e9l\u00e8vent le palais Piccolomini, le palais Borgia et la cath\u00e9drale \u00e0 l&rsquo;aspect purement Renaissance mais dont l&rsquo;int\u00e9rieur s&rsquo;inspire du gothique tardif des \u00e9glises d&rsquo;Allemagne du Sud.<\/p>\n<p>Le Comit\u00e9 a inscrit le bien propos\u00e9 sur la base des crit\u00e8res culturels (i), (ii) et (iv), consid\u00e9rant la valeur universelle exceptionnelle du site qui repr\u00e9sente la premi\u00e8re application du concept humaniste et Renaissance de l&rsquo;urbanisme et, en tant que tel, il occupe une position riche et originale dans le d\u00e9veloppement du concept de \u00ab\u00a0ville id\u00e9ale\u00a0\u00bb planifi\u00e9e qui devait jouer un r\u00f4le important dans le d\u00e9veloppement urbain ult\u00e9rieur en Italie et ailleurs. L&rsquo;application de ce principe \u00e0 Pienza, en particulier dans le groupe de b\u00e2timents qui entourent la place centrale, a donn\u00e9 un chef-d&rsquo;oeuvre du g\u00e9nie cr\u00e9ateur humain.<\/p>\n","protected":false},"excerpt":{"rendered":"<p>Excursions vers les villes d&rsquo;art Le povincia de Sienne et ses tr\u00e9sors: SIENA Sienne (Siena en italien) est une ville italienne, chef-lieu de la province du m\u00eame nom, dans la r\u00e9gion de Toscane. Elle compte 54 500 habitants (2004). La ville est c\u00e9l\u00e8bre pour son patrimoine artistique et pour la course du Palio delle Contrade, [&hellip;]<\/p>\n","protected":false},"author":1,"featured_media":0,"parent":0,"menu_order":5,"comment_status":"closed","ping_status":"closed","template":"","meta":{"_joinchat":[],"footnotes":""},"class_list":["post-19","page","type-page","status-publish","hentry"],"translation":{"provider":"WPGlobus","version":"3.0.2","language":"fr","enabled_languages":["it","en","fr"],"languages":{"it":{"title":true,"content":true,"excerpt":false},"en":{"title":true,"content":true,"excerpt":false},"fr":{"title":true,"content":true,"excerpt":false}}},"yoast_head":"<!-- This site is optimized with the Yoast SEO plugin v27.4 - https:\/\/yoast.com\/product\/yoast-seo-wordpress\/ -->\n<title>b&amp;b toscana con piscina &quot;Poggio Cantarello Country Home&quot;<\/title>\n<meta name=\"robots\" content=\"index, follow, max-snippet:-1, max-image-preview:large, max-video-preview:-1\" \/>\n<link rel=\"canonical\" href=\"https:\/\/casavacanzatoscana.it\/to-see\/\" \/>\n<meta property=\"og:locale\" content=\"fr_FR\" \/>\n<meta property=\"og:type\" content=\"article\" \/>\n<meta property=\"og:title\" content=\"&#8902; Poggio Cantarello Maisonette de Campagne Toscane\" \/>\n<meta property=\"og:url\" content=\"https:\/\/casavacanzatoscana.it\/to-see\/\" \/>\n<meta property=\"og:site_name\" content=\"Poggio Cantarello Maisonette de Campagne Toscane\" \/>\n<meta property=\"article:modified_time\" content=\"2019-03-19T16:04:36+00:00\" \/>\n<meta property=\"og:image\" content=\"http:\/\/www.casavacanzatoscana.it\/immagini\/9.gif\" \/>\n<meta name=\"twitter:card\" content=\"summary_large_image\" \/>\n<meta name=\"twitter:label1\" content=\"Dur\u00e9e de lecture estim\u00e9e\" \/>\n\t<meta name=\"twitter:data1\" content=\"17 minutes\" \/>\n<script type=\"application\/ld+json\" class=\"yoast-schema-graph\">{\"@context\":\"https:\\\/\\\/schema.org\",\"@graph\":[{\"@type\":\"WebPage\",\"@id\":\"https:\\\/\\\/casavacanzatoscana.it\\\/to-see\\\/\",\"url\":\"https:\\\/\\\/casavacanzatoscana.it\\\/to-see\\\/\",\"name\":\"b&b toscana con piscina \\\"Poggio Cantarello Country Home\\\"\",\"isPartOf\":{\"@id\":\"https:\\\/\\\/casavacanzatoscana.it\\\/#website\"},\"primaryImageOfPage\":{\"@id\":\"https:\\\/\\\/casavacanzatoscana.it\\\/to-see\\\/#primaryimage\"},\"image\":{\"@id\":\"https:\\\/\\\/casavacanzatoscana.it\\\/to-see\\\/#primaryimage\"},\"thumbnailUrl\":\"http:\\\/\\\/www.casavacanzatoscana.it\\\/immagini\\\/9.gif\",\"datePublished\":\"2015-09-29T22:52:03+00:00\",\"dateModified\":\"2019-03-19T16:04:36+00:00\",\"description\":\"b&b toscana con piscina \\\"Poggio Cantarello Country Home\\\" nella campagna senese per trascorrere le vacanze in pieno relax e benessere\",\"breadcrumb\":{\"@id\":\"https:\\\/\\\/casavacanzatoscana.it\\\/to-see\\\/#breadcrumb\"},\"inLanguage\":\"fr-FR\",\"potentialAction\":[{\"@type\":\"ReadAction\",\"target\":[\"https:\\\/\\\/casavacanzatoscana.it\\\/to-see\\\/\"]}]},{\"@type\":\"ImageObject\",\"inLanguage\":\"fr-FR\",\"@id\":\"https:\\\/\\\/casavacanzatoscana.it\\\/to-see\\\/#primaryimage\",\"url\":\"http:\\\/\\\/www.casavacanzatoscana.it\\\/immagini\\\/9.gif\",\"contentUrl\":\"http:\\\/\\\/www.casavacanzatoscana.it\\\/immagini\\\/9.gif\"},{\"@type\":\"BreadcrumbList\",\"@id\":\"https:\\\/\\\/casavacanzatoscana.it\\\/to-see\\\/#breadcrumb\",\"itemListElement\":[{\"@type\":\"ListItem\",\"position\":1,\"name\":\"Home\",\"item\":\"https:\\\/\\\/casavacanzatoscana.it\\\/\"},{\"@type\":\"ListItem\",\"position\":2,\"name\":\"Da Vedere\"}]},{\"@type\":\"WebSite\",\"@id\":\"https:\\\/\\\/casavacanzatoscana.it\\\/#website\",\"url\":\"https:\\\/\\\/casavacanzatoscana.it\\\/\",\"name\":\"{:it}Casa Vacanza Toscana Poggio Cantarello{:}{:en}Poggio Cantarello Country Home Tuscany{:}{:fr}Poggio Cantarello Maisonette de Campagne Toscane{:}\",\"description\":\"Relax et bien-\u00eatre\",\"publisher\":{\"@id\":\"https:\\\/\\\/casavacanzatoscana.it\\\/#\\\/schema\\\/person\\\/4358e1e39963cda68187c3d35f84e07d\"},\"potentialAction\":[{\"@type\":\"SearchAction\",\"target\":{\"@type\":\"EntryPoint\",\"urlTemplate\":\"https:\\\/\\\/casavacanzatoscana.it\\\/?s={search_term_string}\"},\"query-input\":{\"@type\":\"PropertyValueSpecification\",\"valueRequired\":true,\"valueName\":\"search_term_string\"}}],\"inLanguage\":\"fr-FR\"},{\"@type\":[\"Person\",\"Organization\"],\"@id\":\"https:\\\/\\\/casavacanzatoscana.it\\\/#\\\/schema\\\/person\\\/4358e1e39963cda68187c3d35f84e07d\",\"name\":\"casavac2\",\"image\":{\"@type\":\"ImageObject\",\"inLanguage\":\"fr-FR\",\"@id\":\"https:\\\/\\\/secure.gravatar.com\\\/avatar\\\/21f5c1240386d20f2792f697d241b5c09087e44d1ac9901457718f0be0052309?s=96&d=mm&r=g\",\"url\":\"https:\\\/\\\/secure.gravatar.com\\\/avatar\\\/21f5c1240386d20f2792f697d241b5c09087e44d1ac9901457718f0be0052309?s=96&d=mm&r=g\",\"contentUrl\":\"https:\\\/\\\/secure.gravatar.com\\\/avatar\\\/21f5c1240386d20f2792f697d241b5c09087e44d1ac9901457718f0be0052309?s=96&d=mm&r=g\",\"caption\":\"casavac2\"},\"logo\":{\"@id\":\"https:\\\/\\\/secure.gravatar.com\\\/avatar\\\/21f5c1240386d20f2792f697d241b5c09087e44d1ac9901457718f0be0052309?s=96&d=mm&r=g\"}}]}<\/script>\n<!-- \/ Yoast SEO plugin. -->","yoast_head_json":{"title":"b&b toscana con piscina \"Poggio Cantarello Country Home\"","robots":{"index":"index","follow":"follow","max-snippet":"max-snippet:-1","max-image-preview":"max-image-preview:large","max-video-preview":"max-video-preview:-1"},"canonical":"https:\/\/casavacanzatoscana.it\/to-see\/","og_locale":"fr_FR","og_type":"article","og_title":"&#8902; Poggio Cantarello Maisonette de Campagne Toscane","og_url":"https:\/\/casavacanzatoscana.it\/to-see\/","og_site_name":"Poggio Cantarello Maisonette de Campagne Toscane","article_modified_time":"2019-03-19T16:04:36+00:00","og_image":[{"url":"http:\/\/www.casavacanzatoscana.it\/immagini\/9.gif","type":"","width":"","height":""}],"twitter_card":"summary_large_image","twitter_misc":{"Dur\u00e9e de lecture estim\u00e9e":"17 minutes"},"schema":{"@context":"https:\/\/schema.org","@graph":[{"@type":"WebPage","@id":"https:\/\/casavacanzatoscana.it\/to-see\/","url":"https:\/\/casavacanzatoscana.it\/to-see\/","name":"b&b toscana con piscina \"Poggio Cantarello Country Home\"","isPartOf":{"@id":"https:\/\/casavacanzatoscana.it\/#website"},"primaryImageOfPage":{"@id":"https:\/\/casavacanzatoscana.it\/to-see\/#primaryimage"},"image":{"@id":"https:\/\/casavacanzatoscana.it\/to-see\/#primaryimage"},"thumbnailUrl":"http:\/\/www.casavacanzatoscana.it\/immagini\/9.gif","datePublished":"2015-09-29T22:52:03+00:00","dateModified":"2019-03-19T16:04:36+00:00","description":"b&b toscana con piscina \"Poggio Cantarello Country Home\" nella campagna senese per trascorrere le vacanze in pieno relax e benessere","breadcrumb":{"@id":"https:\/\/casavacanzatoscana.it\/to-see\/#breadcrumb"},"inLanguage":"fr-FR","potentialAction":[{"@type":"ReadAction","target":["https:\/\/casavacanzatoscana.it\/to-see\/"]}]},{"@type":"ImageObject","inLanguage":"fr-FR","@id":"https:\/\/casavacanzatoscana.it\/to-see\/#primaryimage","url":"http:\/\/www.casavacanzatoscana.it\/immagini\/9.gif","contentUrl":"http:\/\/www.casavacanzatoscana.it\/immagini\/9.gif"},{"@type":"BreadcrumbList","@id":"https:\/\/casavacanzatoscana.it\/to-see\/#breadcrumb","itemListElement":[{"@type":"ListItem","position":1,"name":"Home","item":"https:\/\/casavacanzatoscana.it\/"},{"@type":"ListItem","position":2,"name":"Da Vedere"}]},{"@type":"WebSite","@id":"https:\/\/casavacanzatoscana.it\/#website","url":"https:\/\/casavacanzatoscana.it\/","name":"{:it}Casa Vacanza Toscana Poggio Cantarello{:}{:en}Poggio Cantarello Country Home Tuscany{:}{:fr}Poggio Cantarello Maisonette de Campagne Toscane{:}","description":"Relax et bien-\u00eatre","publisher":{"@id":"https:\/\/casavacanzatoscana.it\/#\/schema\/person\/4358e1e39963cda68187c3d35f84e07d"},"potentialAction":[{"@type":"SearchAction","target":{"@type":"EntryPoint","urlTemplate":"https:\/\/casavacanzatoscana.it\/?s={search_term_string}"},"query-input":{"@type":"PropertyValueSpecification","valueRequired":true,"valueName":"search_term_string"}}],"inLanguage":"fr-FR"},{"@type":["Person","Organization"],"@id":"https:\/\/casavacanzatoscana.it\/#\/schema\/person\/4358e1e39963cda68187c3d35f84e07d","name":"casavac2","image":{"@type":"ImageObject","inLanguage":"fr-FR","@id":"https:\/\/secure.gravatar.com\/avatar\/21f5c1240386d20f2792f697d241b5c09087e44d1ac9901457718f0be0052309?s=96&d=mm&r=g","url":"https:\/\/secure.gravatar.com\/avatar\/21f5c1240386d20f2792f697d241b5c09087e44d1ac9901457718f0be0052309?s=96&d=mm&r=g","contentUrl":"https:\/\/secure.gravatar.com\/avatar\/21f5c1240386d20f2792f697d241b5c09087e44d1ac9901457718f0be0052309?s=96&d=mm&r=g","caption":"casavac2"},"logo":{"@id":"https:\/\/secure.gravatar.com\/avatar\/21f5c1240386d20f2792f697d241b5c09087e44d1ac9901457718f0be0052309?s=96&d=mm&r=g"}}]}},"_links":{"self":[{"href":"https:\/\/casavacanzatoscana.it\/fr\/wp-json\/wp\/v2\/pages\/19","targetHints":{"allow":["GET"]}}],"collection":[{"href":"https:\/\/casavacanzatoscana.it\/fr\/wp-json\/wp\/v2\/pages"}],"about":[{"href":"https:\/\/casavacanzatoscana.it\/fr\/wp-json\/wp\/v2\/types\/page"}],"author":[{"embeddable":true,"href":"https:\/\/casavacanzatoscana.it\/fr\/wp-json\/wp\/v2\/users\/1"}],"replies":[{"embeddable":true,"href":"https:\/\/casavacanzatoscana.it\/fr\/wp-json\/wp\/v2\/comments?post=19"}],"version-history":[{"count":0,"href":"https:\/\/casavacanzatoscana.it\/fr\/wp-json\/wp\/v2\/pages\/19\/revisions"}],"wp:attachment":[{"href":"https:\/\/casavacanzatoscana.it\/fr\/wp-json\/wp\/v2\/media?parent=19"}],"curies":[{"name":"wp","href":"https:\/\/api.w.org\/{rel}","templated":true}]}}