{"id":15,"date":"2015-09-29T22:49:54","date_gmt":"2015-09-29T22:49:54","guid":{"rendered":"http:\/\/casavacanzatoscana.it\/?page_id=15"},"modified":"2018-06-26T22:18:42","modified_gmt":"2018-06-26T22:18:42","slug":"oil","status":"publish","type":"page","link":"https:\/\/casavacanzatoscana.it\/fr\/oil\/","title":{"rendered":"Huile"},"content":{"rendered":"<h1 class=\"home\">Randonn\u00e9e dans le go\u00fbt: l&rsquo;huile d&rsquo;olive.<\/h1>\n<p><b>L&rsquo;huile d&rsquo;olive est la v\u00e9ritable protagoniste:<\/b><\/p>\n<p><a href=\"http:\/\/casavacanzatoscana.it\/wp-content\/uploads\/2015\/10\/toscana_vacanza_olio.jpg\"><img loading=\"lazy\" decoding=\"async\" class=\"size-full wp-image-328 alignright\" src=\"http:\/\/casavacanzatoscana.it\/wp-content\/uploads\/2015\/10\/toscana_vacanza_olio.jpg\" alt=\"toscana_vacanza_olio\" width=\"200\" height=\"200\" \/><\/a><\/p>\n<p>de la cuisine m\u00e9diterran\u00e9enne, ou plut\u00f4t de la \u00abdi\u00e8te m\u00e9diterran\u00e9enne\u00bb, de mani\u00e8re saine, simple et pleine de saveurs. Cuisine italienne am\u00e9liore les caract\u00e9ristiques d&rsquo;une huile de haute qualit\u00e9. Nous sugg\u00e9rons, pour go\u00fbter l&rsquo;huile d&rsquo;olive extra vierge issue de notre quelques recommandations.<br \/>\nObservez la bouteille, si possible transparent, qui vous permet de voir le contenu. Il suffit de d\u00e9visser le capuchon et de sentir l&rsquo;odeur &#8230;.. d&rsquo;olives, r\u00e9colte des olives dans le pr\u00e9sent dans presque toutes les r\u00e9gions de l&rsquo;Italie et imm\u00e9diatement press\u00e9s dans les usines. Laissez la bouteille de l&rsquo;huile peu \u00e0 peu, d&rsquo;appr\u00e9cier la densit\u00e9 et la couleur or. Et &lsquo;C&rsquo;est le moment du festival, o\u00f9 les saveurs des plats sont enrichis. C&rsquo;est le moment de la d\u00e9couverte d&rsquo;un go\u00fbt naturel, vrai, authentique, originale &#8230; une agr\u00e9able surprise pour servir \u00e0 la table quelque chose de r\u00e9el. Verser lentement, par exemple, sur la bruschetta avec les tomates et l&rsquo;origan, ou d&rsquo;une salade fra\u00eeche, ou mieux sur une simple tranche de pain frais \u00e0 l&rsquo;ext\u00e9rieur du four \u00e0 bois. E &lsquo;afin qu&rsquo;ils puissent appr\u00e9cier le go\u00fbt fruit\u00e9, une faible acidit\u00e9 et de l&rsquo;odeur agr\u00e9able d&rsquo;olives fra\u00eeches qui caract\u00e9risent la v\u00e9ritable huile. Cuit \u00e9galement renforcer les l\u00e9gumineuses, les l\u00e9gumes, la tomate, de devenir le protagoniste incontest\u00e9 de la cuisine. L&rsquo;authenticit\u00e9, la l\u00e9g\u00e8ret\u00e9 et de parfums faire huile d&rsquo;olive vierge extra est essentiel dans n&rsquo;importe quel type de r\u00e9gime alimentaire et essentiel pour le maintien d&rsquo;une forme parfaite<\/p>\n","protected":false},"excerpt":{"rendered":"<p>Randonn\u00e9e dans le go\u00fbt: l&rsquo;huile d&rsquo;olive. L&rsquo;huile d&rsquo;olive est la v\u00e9ritable protagoniste: de la cuisine m\u00e9diterran\u00e9enne, ou plut\u00f4t de la \u00abdi\u00e8te m\u00e9diterran\u00e9enne\u00bb, de mani\u00e8re saine, simple et pleine de saveurs. Cuisine italienne am\u00e9liore les caract\u00e9ristiques d&rsquo;une huile de haute qualit\u00e9. Nous sugg\u00e9rons, pour go\u00fbter l&rsquo;huile d&rsquo;olive extra vierge issue de notre quelques recommandations. Observez la [&hellip;]<\/p>\n","protected":false},"author":1,"featured_media":0,"parent":0,"menu_order":9,"comment_status":"closed","ping_status":"closed","template":"","meta":{"_joinchat":[],"footnotes":""},"class_list":["post-15","page","type-page","status-publish","hentry"],"translation":{"provider":"WPGlobus","version":"3.0.2","language":"fr","enabled_languages":["it","en","fr"],"languages":{"it":{"title":true,"content":true,"excerpt":false},"en":{"title":true,"content":true,"excerpt":false},"fr":{"title":true,"content":true,"excerpt":false}}},"yoast_head":"<!-- This site is optimized with the Yoast SEO plugin v27.5 - https:\/\/yoast.com\/product\/yoast-seo-wordpress\/ -->\n<title>Week end Romantico Toscana in tipico casolare di campagna<\/title>\n<meta name=\"robots\" content=\"index, follow, max-snippet:-1, max-image-preview:large, max-video-preview:-1\" \/>\n<link rel=\"canonical\" href=\"https:\/\/casavacanzatoscana.it\/oil\/\" \/>\n<meta property=\"og:locale\" content=\"fr_FR\" \/>\n<meta property=\"og:type\" content=\"article\" \/>\n<meta property=\"og:title\" content=\"&#8902; Poggio Cantarello Maisonette de Campagne Toscane\" \/>\n<meta property=\"og:url\" content=\"https:\/\/casavacanzatoscana.it\/oil\/\" \/>\n<meta property=\"og:site_name\" content=\"Poggio Cantarello Maisonette de Campagne Toscane\" \/>\n<meta property=\"article:modified_time\" content=\"2018-06-26T22:18:42+00:00\" \/>\n<meta property=\"og:image\" content=\"http:\/\/casavacanzatoscana.it\/wp-content\/uploads\/2015\/10\/toscana_vacanza_olio.jpg\" \/>\n<meta name=\"twitter:card\" content=\"summary_large_image\" \/>\n<meta name=\"twitter:label1\" content=\"Dur\u00e9e de lecture estim\u00e9e\" \/>\n\t<meta name=\"twitter:data1\" content=\"7 minutes\" \/>\n<script type=\"application\/ld+json\" class=\"yoast-schema-graph\">{\"@context\":\"https:\\\/\\\/schema.org\",\"@graph\":[{\"@type\":\"WebPage\",\"@id\":\"https:\\\/\\\/casavacanzatoscana.it\\\/oil\\\/\",\"url\":\"https:\\\/\\\/casavacanzatoscana.it\\\/oil\\\/\",\"name\":\"Week end Romantico Toscana in tipico casolare di campagna\",\"isPartOf\":{\"@id\":\"https:\\\/\\\/casavacanzatoscana.it\\\/#website\"},\"primaryImageOfPage\":{\"@id\":\"https:\\\/\\\/casavacanzatoscana.it\\\/oil\\\/#primaryimage\"},\"image\":{\"@id\":\"https:\\\/\\\/casavacanzatoscana.it\\\/oil\\\/#primaryimage\"},\"thumbnailUrl\":\"http:\\\/\\\/casavacanzatoscana.it\\\/wp-content\\\/uploads\\\/2015\\\/10\\\/toscana_vacanza_olio.jpg\",\"datePublished\":\"2015-09-29T22:49:54+00:00\",\"dateModified\":\"2018-06-26T22:18:42+00:00\",\"description\":\"Week end Romantico Toscana in tipico casolare di campagna \\\"Poggio Cantarello Country Home\\\" per una vacanza romantica e rilassante\",\"breadcrumb\":{\"@id\":\"https:\\\/\\\/casavacanzatoscana.it\\\/oil\\\/#breadcrumb\"},\"inLanguage\":\"fr-FR\",\"potentialAction\":[{\"@type\":\"ReadAction\",\"target\":[\"https:\\\/\\\/casavacanzatoscana.it\\\/oil\\\/\"]}]},{\"@type\":\"ImageObject\",\"inLanguage\":\"fr-FR\",\"@id\":\"https:\\\/\\\/casavacanzatoscana.it\\\/oil\\\/#primaryimage\",\"url\":\"http:\\\/\\\/casavacanzatoscana.it\\\/wp-content\\\/uploads\\\/2015\\\/10\\\/toscana_vacanza_olio.jpg\",\"contentUrl\":\"http:\\\/\\\/casavacanzatoscana.it\\\/wp-content\\\/uploads\\\/2015\\\/10\\\/toscana_vacanza_olio.jpg\"},{\"@type\":\"BreadcrumbList\",\"@id\":\"https:\\\/\\\/casavacanzatoscana.it\\\/oil\\\/#breadcrumb\",\"itemListElement\":[{\"@type\":\"ListItem\",\"position\":1,\"name\":\"Home\",\"item\":\"https:\\\/\\\/casavacanzatoscana.it\\\/\"},{\"@type\":\"ListItem\",\"position\":2,\"name\":\"Olio\"}]},{\"@type\":\"WebSite\",\"@id\":\"https:\\\/\\\/casavacanzatoscana.it\\\/#website\",\"url\":\"https:\\\/\\\/casavacanzatoscana.it\\\/\",\"name\":\"{:it}Casa Vacanza Toscana Poggio Cantarello{:}{:en}Poggio Cantarello Country Home Tuscany{:}{:fr}Poggio Cantarello Maisonette de Campagne Toscane{:}\",\"description\":\"Relax et bien-\u00eatre\",\"publisher\":{\"@id\":\"https:\\\/\\\/casavacanzatoscana.it\\\/#\\\/schema\\\/person\\\/4358e1e39963cda68187c3d35f84e07d\"},\"potentialAction\":[{\"@type\":\"SearchAction\",\"target\":{\"@type\":\"EntryPoint\",\"urlTemplate\":\"https:\\\/\\\/casavacanzatoscana.it\\\/?s={search_term_string}\"},\"query-input\":{\"@type\":\"PropertyValueSpecification\",\"valueRequired\":true,\"valueName\":\"search_term_string\"}}],\"inLanguage\":\"fr-FR\"},{\"@type\":[\"Person\",\"Organization\"],\"@id\":\"https:\\\/\\\/casavacanzatoscana.it\\\/#\\\/schema\\\/person\\\/4358e1e39963cda68187c3d35f84e07d\",\"name\":\"casavac2\",\"image\":{\"@type\":\"ImageObject\",\"inLanguage\":\"fr-FR\",\"@id\":\"https:\\\/\\\/secure.gravatar.com\\\/avatar\\\/21f5c1240386d20f2792f697d241b5c09087e44d1ac9901457718f0be0052309?s=96&d=mm&r=g\",\"url\":\"https:\\\/\\\/secure.gravatar.com\\\/avatar\\\/21f5c1240386d20f2792f697d241b5c09087e44d1ac9901457718f0be0052309?s=96&d=mm&r=g\",\"contentUrl\":\"https:\\\/\\\/secure.gravatar.com\\\/avatar\\\/21f5c1240386d20f2792f697d241b5c09087e44d1ac9901457718f0be0052309?s=96&d=mm&r=g\",\"caption\":\"casavac2\"},\"logo\":{\"@id\":\"https:\\\/\\\/secure.gravatar.com\\\/avatar\\\/21f5c1240386d20f2792f697d241b5c09087e44d1ac9901457718f0be0052309?s=96&d=mm&r=g\"}}]}<\/script>\n<!-- \/ Yoast SEO plugin. -->","yoast_head_json":{"title":"Week end Romantico Toscana in tipico casolare di campagna","robots":{"index":"index","follow":"follow","max-snippet":"max-snippet:-1","max-image-preview":"max-image-preview:large","max-video-preview":"max-video-preview:-1"},"canonical":"https:\/\/casavacanzatoscana.it\/oil\/","og_locale":"fr_FR","og_type":"article","og_title":"&#8902; Poggio Cantarello Maisonette de Campagne Toscane","og_url":"https:\/\/casavacanzatoscana.it\/oil\/","og_site_name":"Poggio Cantarello Maisonette de Campagne Toscane","article_modified_time":"2018-06-26T22:18:42+00:00","og_image":[{"url":"http:\/\/casavacanzatoscana.it\/wp-content\/uploads\/2015\/10\/toscana_vacanza_olio.jpg","type":"","width":"","height":""}],"twitter_card":"summary_large_image","twitter_misc":{"Dur\u00e9e de lecture estim\u00e9e":"7 minutes"},"schema":{"@context":"https:\/\/schema.org","@graph":[{"@type":"WebPage","@id":"https:\/\/casavacanzatoscana.it\/oil\/","url":"https:\/\/casavacanzatoscana.it\/oil\/","name":"Week end Romantico Toscana in tipico casolare di campagna","isPartOf":{"@id":"https:\/\/casavacanzatoscana.it\/#website"},"primaryImageOfPage":{"@id":"https:\/\/casavacanzatoscana.it\/oil\/#primaryimage"},"image":{"@id":"https:\/\/casavacanzatoscana.it\/oil\/#primaryimage"},"thumbnailUrl":"http:\/\/casavacanzatoscana.it\/wp-content\/uploads\/2015\/10\/toscana_vacanza_olio.jpg","datePublished":"2015-09-29T22:49:54+00:00","dateModified":"2018-06-26T22:18:42+00:00","description":"Week end Romantico Toscana in tipico casolare di campagna \"Poggio Cantarello Country Home\" per una vacanza romantica e rilassante","breadcrumb":{"@id":"https:\/\/casavacanzatoscana.it\/oil\/#breadcrumb"},"inLanguage":"fr-FR","potentialAction":[{"@type":"ReadAction","target":["https:\/\/casavacanzatoscana.it\/oil\/"]}]},{"@type":"ImageObject","inLanguage":"fr-FR","@id":"https:\/\/casavacanzatoscana.it\/oil\/#primaryimage","url":"http:\/\/casavacanzatoscana.it\/wp-content\/uploads\/2015\/10\/toscana_vacanza_olio.jpg","contentUrl":"http:\/\/casavacanzatoscana.it\/wp-content\/uploads\/2015\/10\/toscana_vacanza_olio.jpg"},{"@type":"BreadcrumbList","@id":"https:\/\/casavacanzatoscana.it\/oil\/#breadcrumb","itemListElement":[{"@type":"ListItem","position":1,"name":"Home","item":"https:\/\/casavacanzatoscana.it\/"},{"@type":"ListItem","position":2,"name":"Olio"}]},{"@type":"WebSite","@id":"https:\/\/casavacanzatoscana.it\/#website","url":"https:\/\/casavacanzatoscana.it\/","name":"{:it}Casa Vacanza Toscana Poggio Cantarello{:}{:en}Poggio Cantarello Country Home Tuscany{:}{:fr}Poggio Cantarello Maisonette de Campagne Toscane{:}","description":"Relax et bien-\u00eatre","publisher":{"@id":"https:\/\/casavacanzatoscana.it\/#\/schema\/person\/4358e1e39963cda68187c3d35f84e07d"},"potentialAction":[{"@type":"SearchAction","target":{"@type":"EntryPoint","urlTemplate":"https:\/\/casavacanzatoscana.it\/?s={search_term_string}"},"query-input":{"@type":"PropertyValueSpecification","valueRequired":true,"valueName":"search_term_string"}}],"inLanguage":"fr-FR"},{"@type":["Person","Organization"],"@id":"https:\/\/casavacanzatoscana.it\/#\/schema\/person\/4358e1e39963cda68187c3d35f84e07d","name":"casavac2","image":{"@type":"ImageObject","inLanguage":"fr-FR","@id":"https:\/\/secure.gravatar.com\/avatar\/21f5c1240386d20f2792f697d241b5c09087e44d1ac9901457718f0be0052309?s=96&d=mm&r=g","url":"https:\/\/secure.gravatar.com\/avatar\/21f5c1240386d20f2792f697d241b5c09087e44d1ac9901457718f0be0052309?s=96&d=mm&r=g","contentUrl":"https:\/\/secure.gravatar.com\/avatar\/21f5c1240386d20f2792f697d241b5c09087e44d1ac9901457718f0be0052309?s=96&d=mm&r=g","caption":"casavac2"},"logo":{"@id":"https:\/\/secure.gravatar.com\/avatar\/21f5c1240386d20f2792f697d241b5c09087e44d1ac9901457718f0be0052309?s=96&d=mm&r=g"}}]}},"_links":{"self":[{"href":"https:\/\/casavacanzatoscana.it\/fr\/wp-json\/wp\/v2\/pages\/15","targetHints":{"allow":["GET"]}}],"collection":[{"href":"https:\/\/casavacanzatoscana.it\/fr\/wp-json\/wp\/v2\/pages"}],"about":[{"href":"https:\/\/casavacanzatoscana.it\/fr\/wp-json\/wp\/v2\/types\/page"}],"author":[{"embeddable":true,"href":"https:\/\/casavacanzatoscana.it\/fr\/wp-json\/wp\/v2\/users\/1"}],"replies":[{"embeddable":true,"href":"https:\/\/casavacanzatoscana.it\/fr\/wp-json\/wp\/v2\/comments?post=15"}],"version-history":[{"count":0,"href":"https:\/\/casavacanzatoscana.it\/fr\/wp-json\/wp\/v2\/pages\/15\/revisions"}],"wp:attachment":[{"href":"https:\/\/casavacanzatoscana.it\/fr\/wp-json\/wp\/v2\/media?parent=15"}],"curies":[{"name":"wp","href":"https:\/\/api.w.org\/{rel}","templated":true}]}}