{"id":10,"date":"2015-09-29T22:46:08","date_gmt":"2015-09-29T22:46:08","guid":{"rendered":"http:\/\/casavacanzatoscana.it\/?page_id=10"},"modified":"2026-01-11T14:28:38","modified_gmt":"2026-01-11T14:28:38","slug":"casa-vacanza-campagna-senese","status":"publish","type":"page","link":"https:\/\/casavacanzatoscana.it\/fr\/","title":{"rendered":"Bienvenus"},"content":{"rendered":"<h1 style=\"font-family: 'Kaushan Script'; font-size: 33px; padding-bottom: 0px;\">Bienvenus au \u201cPoggio Cantarello Country Home\u201d.<\/h1>\n<p class=\"ghost\" style=\"color: #f8f8f8;\">benvenuti alla casa vacanza \u00ab\u00a0Poggio Cantarello Country Home\u00a0\u00bb benvenuti \u201cpoggio home\u201d toscana benvenuti \u201cpoggio home\u201d toscana<\/p>\n\n<p class=\"ghost\" style=\"color: #f8f8f8;\">benvenuti alla casa vacanza \u00ab\u00a0Poggio Cantarello Country Home\u00a0\u00bb benvenuti \u201cpoggio home\u201d toscana benvenuti \u201cpoggio home\u201d toscana<\/p>\n<p>Poggio Cantarello est une ferme en pierre et en briques dat\u00e9e <b>1800<\/b>, situ\u00e9e sur une colline, plong\u00e9e dans le calme et le vert de la campagne toscane..<\/p>\n<h3>Vous pouvez nous rejoindre facilement:<\/h3>\n<p>Nous sommes \u00e0 5 minutes de l\u2019autoroute A1, entre la ville \u00e9trusque de <b>Chiusi <\/b>et l\u2019important centre thermal de <b>Chianciano Terme<\/b>.<\/p>\n<p data-path-to-node=\"3\"><b data-path-to-node=\"3\" data-index-in-node=\"0\">Nous rejoindre \u00e8 tr\u00e8s facile :<\/b> La Casa Vacanze Toscana \u201cPoggio Cantarello Country Home\u201d se trouve \u00e0 seulement 5 minutes de l&rsquo;autoroute A1, entre la ville \u00e9trusque de <b data-path-to-node=\"3\" data-index-in-node=\"166\">Chiusi<\/b> et la c\u00e9l\u00e8bre station thermale de <b data-path-to-node=\"3\" data-index-in-node=\"207\">Chianciano Terme<\/b>.<\/p>\n<p data-path-to-node=\"4\">Ici, vous pourrez respirer l&rsquo;air pur et savourer le silence. C&rsquo;est un endroit vraiment sp\u00e9cial, avec une vue \u00e0 couper le souffle sur la campagne, que vous pourrez admirer depuis la terrasse de votre chambre ou confortablement install\u00e9 au <b data-path-to-node=\"4\" data-index-in-node=\"238\">bord de la piscine<\/b>.<\/p>\n<p data-path-to-node=\"5\">Profitez de votre s\u00e9jour dans notre \u00ab maison de campagne \u00bb pour savourer pleinement le calme, respirer les parfums de la nature et r\u00e9g\u00e9n\u00e9rer votre esprit. Et si vous avez envie d&rsquo;une <b data-path-to-node=\"5\" data-index-in-node=\"183\">promenade nocturne<\/b> pour admirer l&rsquo;incroyable ciel \u00e9toil\u00e9 et \u00e9couter le chant des animaux de la nuit, le plaisir sera total.<\/p>\n<p data-path-to-node=\"6\">\u00c0 seulement une heure de Sienne et d&rsquo;autres villages de charme, vous pourrez facilement rejoindre des lieux fascinants, charg\u00e9s d&rsquo;histoire et de traditions culinaires anciennes (comme <b data-path-to-node=\"6\" data-index-in-node=\"184\"><a href=\"https:\/\/casavacanzatoscana.it\/fr\/to-see\/\">Montepulciano<\/a>, Pienza, Bagno Vignoni, Monticchiello, Cortona<\/b> et le <b data-path-to-node=\"6\" data-index-in-node=\"251\">Val d&rsquo;Orcia<\/b>).<\/p>\n<p data-path-to-node=\"7\">Vous pourrez go\u00fbter \u00e0 la gastronomie de la <b data-path-to-node=\"7\" data-index-in-node=\"43\">campagne toscane<\/b>, rest\u00e9e tr\u00e8s fid\u00e8le \u00e0 ses racines : aujourd&rsquo;hui encore, de nombreux plats typiques sont pr\u00e9par\u00e9s selon la recette originale.<\/p>\n<p data-path-to-node=\"8\">Nous aimons profond\u00e9ment cet endroit et nous sommes ravis de partager notre exp\u00e9rience avec vous. Nous vous accueillerons en toute simplicit\u00e9 pour que vous vous sentiez <b data-path-to-node=\"8\" data-index-in-node=\"169\">comme chez vous<\/b>. Nous serons toujours \u00e0 votre disposition pour vous conseiller les meilleurs endroits \u00e0 visiter ou pour toute autre information.<\/p>\n<p data-path-to-node=\"9\"><i data-path-to-node=\"9\" data-index-in-node=\"0\">\u00ab \u00c0 chaque promenade dans la nature, l&rsquo;homme re\u00e7oit bien plus que ce qu&rsquo;il cherche \u00bb \u2013 John Muir<\/i><\/p>\n<p data-path-to-node=\"10\">C&rsquo;est le lieu id\u00e9al pour passer vos <b data-path-to-node=\"10\" data-index-in-node=\"36\">vacances \u00e0 la campagne<\/b>, pour un <b data-path-to-node=\"10\" data-index-in-node=\"68\">week-end romantique<\/b> ou un <b data-path-to-node=\"10\" data-index-in-node=\"94\">week-end <a href=\"https:\/\/casavacanzatoscana.it\/fr\/escape-to-poggio-cantarello-for-an-authentic-tuscan-wellness-retreat-a-charming-country-house-with-a-pool-surrounded-by-nature-and-silence-your-perfect-countryside-getaway-awaits\/\">bien-\u00eatre<\/a><\/b>. C&rsquo;est aussi le point de d\u00e9part parfait pour des balades \u00e0 cheval, des sorties en VTT ou des <b data-path-to-node=\"10\" data-index-in-node=\"206\">excursions<\/b> \u00e0 la d\u00e9couverte de la beaut\u00e9 et des parfums de la Toscane. Sans oublier ses produits typiques : l&rsquo;huile d&rsquo;olive <b data-path-to-node=\"10\" data-index-in-node=\"329\">extra vierge<\/b>, les excellents <b data-path-to-node=\"10\" data-index-in-node=\"358\">vins<\/b> de <b data-path-to-node=\"10\" data-index-in-node=\"366\">Montepulciano<\/b> et <b data-path-to-node=\"10\" data-index-in-node=\"383\">Montalcino<\/b>, le fromage pecorino de <b data-path-to-node=\"10\" data-index-in-node=\"418\">Pienza<\/b>, ou tout simplement pour d\u00e9guster la c\u00e9l\u00e8bre <b data-path-to-node=\"10\" data-index-in-node=\"470\">ribollita<\/b> dans l&rsquo;un des restaurants ou <b data-path-to-node=\"10\" data-index-in-node=\"509\">agritourismes<\/b> typiques de la r\u00e9gion.<\/p>\n<p>&nbsp;<\/p>\n","protected":false},"excerpt":{"rendered":"<p>Bienvenus au \u201cPoggio Cantarello Country Home\u201d. benvenuti alla casa vacanza \u00ab\u00a0Poggio Cantarello Country Home\u00a0\u00bb benvenuti \u201cpoggio home\u201d toscana benvenuti \u201cpoggio home\u201d toscana benvenuti alla casa vacanza \u00ab\u00a0Poggio Cantarello Country Home\u00a0\u00bb benvenuti \u201cpoggio home\u201d toscana benvenuti \u201cpoggio home\u201d toscana Poggio Cantarello est une ferme en pierre et en briques dat\u00e9e 1800, situ\u00e9e sur une colline, plong\u00e9e [&hellip;]<\/p>\n","protected":false},"author":1,"featured_media":0,"parent":0,"menu_order":0,"comment_status":"closed","ping_status":"closed","template":"template-full-width.php","meta":{"_joinchat":[],"footnotes":""},"class_list":["post-10","page","type-page","status-publish","hentry"],"translation":{"provider":"WPGlobus","version":"3.0.2","language":"fr","enabled_languages":["it","en","fr"],"languages":{"it":{"title":true,"content":true,"excerpt":false},"en":{"title":true,"content":true,"excerpt":false},"fr":{"title":true,"content":true,"excerpt":false}}},"yoast_head":"<!-- This site is optimized with the Yoast SEO plugin v27.4 - https:\/\/yoast.com\/product\/yoast-seo-wordpress\/ -->\n<title>&#8902; Poggio Cantarello Maisonette de Campagne Toscane<\/title>\n<meta name=\"description\" content=\"Casa vacanza toscana Poggio Cantarello nella campagna senese per trascorrere le vacanze in pieno benessere e relax %\" \/>\n<meta name=\"robots\" content=\"index, follow, max-snippet:-1, max-video-preview:-1, noimageindex\" \/>\n<link rel=\"canonical\" href=\"https:\/\/casavacanzatoscana.it\/\" \/>\n<meta property=\"og:locale\" content=\"fr_FR\" \/>\n<meta property=\"og:type\" content=\"article\" \/>\n<meta property=\"og:title\" content=\"Poggio Cantarello Country Home Tuscany\" \/>\n<meta property=\"og:description\" content=\"Poggio Cantarello \u00e8 un casale in pietra e mattoni del 1800, collocato su una dolce collinetta, immerso nella calma e nel verde della campagna (website hidden) puoi raggiungere facilmente: siamo a 5 minuti dall&#039;autostrada A1, tra la citt\u00e0 etrusca di Chiusi e l&#039;importante centro termale di Chianciano Terme. Poco distante da Siena Poggio Cantarello dispone di due camere, all&#039;interno della casa, e di un&#039;altra - in ristrutturazione - ricavata in un vecchio forno attiguo. Ogni camera dispone di bagno, Tv sat, e minibar. Gli Ambienti Un salotto con un antico - e funzionante - camino e un cucinotto sono a disposizione degli Ospiti. Gli Esterni Un ampio giardino, ricco di numerosi alberi ad alto fusto ed ulivi, circonda la casa. Gli Animali domestici I nostri quattro gatti (vedi loro foto qui sotto) vi daranno il benvenuto e vi insegneranno l&#039;arte del rilassamento. Poggio Cantarello dispone di due camere, all&#039;interno della casa, e di un&#039;altra - in ristrutturazione - ricavata in un vecchio forno attiguo. Tutte le camere hanno spazi e forme differenti, vista sulla campagna circostante, soffitti con travi - vedi fotografia a lato - e sono arredate in modo semplice e con antichi armadi in arte povera.\" \/>\n<meta property=\"og:url\" content=\"https:\/\/casavacanzatoscana.it\/\" \/>\n<meta property=\"og:site_name\" content=\"Poggio Cantarello Maisonette de Campagne Toscane\" \/>\n<meta property=\"article:modified_time\" content=\"2026-01-11T14:28:38+00:00\" \/>\n<meta property=\"og:image\" content=\"https:\/\/casavacanzatoscana.it\/wp-content\/uploads\/2018\/02\/1920x1080.jpg\" \/>\n\t<meta property=\"og:image:width\" content=\"1920\" \/>\n\t<meta property=\"og:image:height\" content=\"1080\" \/>\n\t<meta property=\"og:image:type\" content=\"image\/jpeg\" \/>\n<meta name=\"twitter:card\" content=\"summary_large_image\" \/>\n<meta name=\"twitter:title\" content=\"Poggio Cantarello Country Home Tuscany\" \/>\n<meta name=\"twitter:description\" content=\"Poggio Cantarello \u00e8 un casale in pietra e mattoni del 1800, collocato su una dolce collinetta, immerso nella calma e nel verde della campagna (website hidden) puoi raggiungere facilmente: siamo a 5 minuti dall&#039;autostrada A1, tra la citt\u00e0 etrusca di Chiusi e l&#039;importante centro termale di Chianciano Terme. Poco distante da Siena Poggio Cantarello dispone di due camere, all&#039;interno della casa, e di un&#039;altra - in ristrutturazione - ricavata in un vecchio forno attiguo. Ogni camera dispone di bagno, Tv sat, e minibar. Gli Ambienti Un salotto con un antico - e funzionante - camino e un cucinotto sono a disposizione degli Ospiti. Gli Esterni Un ampio giardino, ricco di numerosi alberi ad alto fusto ed ulivi, circonda la casa. Gli Animali domestici I nostri quattro gatti (vedi loro foto qui sotto) vi daranno il benvenuto e vi insegneranno l&#039;arte del rilassamento. Poggio Cantarello dispone di due camere, all&#039;interno della casa, e di un&#039;altra - in ristrutturazione - ricavata in un vecchio forno attiguo. Tutte le camere hanno spazi e forme differenti, vista sulla campagna circostante, soffitti con travi - vedi fotografia a lato - e sono arredate in modo semplice e con antichi armadi in arte povera.\" \/>\n<meta name=\"twitter:image\" content=\"https:\/\/casavacanzatoscana.it\/wp-content\/uploads\/2018\/02\/1920x1080.jpg\" \/>\n<meta name=\"twitter:label1\" content=\"Dur\u00e9e de lecture estim\u00e9e\" \/>\n\t<meta name=\"twitter:data1\" content=\"3 minutes\" \/>\n<script type=\"application\/ld+json\" class=\"yoast-schema-graph\">{\"@context\":\"https:\\\/\\\/schema.org\",\"@graph\":[{\"@type\":\"WebPage\",\"@id\":\"https:\\\/\\\/casavacanzatoscana.it\\\/\",\"url\":\"https:\\\/\\\/casavacanzatoscana.it\\\/\",\"name\":\"Casa Vacanze Toscana \\\"Poggio Cantarello Country Home\\\"\",\"isPartOf\":{\"@id\":\"https:\\\/\\\/casavacanzatoscana.it\\\/#website\"},\"primaryImageOfPage\":{\"@id\":\"https:\\\/\\\/casavacanzatoscana.it\\\/#primaryimage\"},\"image\":{\"@id\":\"https:\\\/\\\/casavacanzatoscana.it\\\/#primaryimage\"},\"thumbnailUrl\":\"https:\\\/\\\/casavacanzatoscana.it\\\/wp-content\\\/uploads\\\/2025\\\/12\\\/paesaggio-rurale-con-fattoria-1200x540-1.webp\",\"datePublished\":\"2015-09-29T22:46:08+00:00\",\"dateModified\":\"2026-01-11T14:28:38+00:00\",\"description\":\"Casa vacanza toscana Poggio Cantarello nella campagna senese per trascorrere le vacanze in pieno benessere e relax %\",\"breadcrumb\":{\"@id\":\"https:\\\/\\\/casavacanzatoscana.it\\\/#breadcrumb\"},\"inLanguage\":\"fr-FR\",\"potentialAction\":[{\"@type\":\"ReadAction\",\"target\":[\"https:\\\/\\\/casavacanzatoscana.it\\\/\"]}]},{\"@type\":\"ImageObject\",\"inLanguage\":\"fr-FR\",\"@id\":\"https:\\\/\\\/casavacanzatoscana.it\\\/#primaryimage\",\"url\":\"https:\\\/\\\/casavacanzatoscana.it\\\/wp-content\\\/uploads\\\/2025\\\/12\\\/paesaggio-rurale-con-fattoria-1200x540-1.webp\",\"contentUrl\":\"https:\\\/\\\/casavacanzatoscana.it\\\/wp-content\\\/uploads\\\/2025\\\/12\\\/paesaggio-rurale-con-fattoria-1200x540-1.webp\"},{\"@type\":\"BreadcrumbList\",\"@id\":\"https:\\\/\\\/casavacanzatoscana.it\\\/#breadcrumb\",\"itemListElement\":[{\"@type\":\"ListItem\",\"position\":1,\"name\":\"Home\",\"item\":\"https:\\\/\\\/casavacanzatoscana.it\\\/\"},{\"@type\":\"ListItem\",\"position\":2,\"name\":\"Casa Vacanza Toscana\"}]},{\"@type\":\"WebSite\",\"@id\":\"https:\\\/\\\/casavacanzatoscana.it\\\/#website\",\"url\":\"https:\\\/\\\/casavacanzatoscana.it\\\/\",\"name\":\"{:it}Casa Vacanza Toscana Poggio Cantarello{:}{:en}Poggio Cantarello Country Home Tuscany{:}{:fr}Poggio Cantarello Maisonette de Campagne Toscane{:}\",\"description\":\"Relax et bien-\u00eatre\",\"publisher\":{\"@id\":\"https:\\\/\\\/casavacanzatoscana.it\\\/#\\\/schema\\\/person\\\/4358e1e39963cda68187c3d35f84e07d\"},\"potentialAction\":[{\"@type\":\"SearchAction\",\"target\":{\"@type\":\"EntryPoint\",\"urlTemplate\":\"https:\\\/\\\/casavacanzatoscana.it\\\/?s={search_term_string}\"},\"query-input\":{\"@type\":\"PropertyValueSpecification\",\"valueRequired\":true,\"valueName\":\"search_term_string\"}}],\"inLanguage\":\"fr-FR\"},{\"@type\":[\"Person\",\"Organization\"],\"@id\":\"https:\\\/\\\/casavacanzatoscana.it\\\/#\\\/schema\\\/person\\\/4358e1e39963cda68187c3d35f84e07d\",\"name\":\"casavac2\",\"image\":{\"@type\":\"ImageObject\",\"inLanguage\":\"fr-FR\",\"@id\":\"https:\\\/\\\/secure.gravatar.com\\\/avatar\\\/21f5c1240386d20f2792f697d241b5c09087e44d1ac9901457718f0be0052309?s=96&d=mm&r=g\",\"url\":\"https:\\\/\\\/secure.gravatar.com\\\/avatar\\\/21f5c1240386d20f2792f697d241b5c09087e44d1ac9901457718f0be0052309?s=96&d=mm&r=g\",\"contentUrl\":\"https:\\\/\\\/secure.gravatar.com\\\/avatar\\\/21f5c1240386d20f2792f697d241b5c09087e44d1ac9901457718f0be0052309?s=96&d=mm&r=g\",\"caption\":\"casavac2\"},\"logo\":{\"@id\":\"https:\\\/\\\/secure.gravatar.com\\\/avatar\\\/21f5c1240386d20f2792f697d241b5c09087e44d1ac9901457718f0be0052309?s=96&d=mm&r=g\"}}]}<\/script>\n<!-- \/ Yoast SEO plugin. -->","yoast_head_json":{"title":"&#8902; Poggio Cantarello Maisonette de Campagne Toscane","description":"Casa vacanza toscana Poggio Cantarello nella campagna senese per trascorrere le vacanze in pieno benessere e relax %","robots":{"index":"index","follow":"follow","max-snippet":"max-snippet:-1","max-video-preview":"max-video-preview:-1","imageindex":"noimageindex"},"canonical":"https:\/\/casavacanzatoscana.it\/","og_locale":"fr_FR","og_type":"article","og_title":"Poggio Cantarello Country Home Tuscany","og_description":"Poggio Cantarello \u00e8 un casale in pietra e mattoni del 1800, collocato su una dolce collinetta, immerso nella calma e nel verde della campagna (website hidden) puoi raggiungere facilmente: siamo a 5 minuti dall'autostrada A1, tra la citt\u00e0 etrusca di Chiusi e l'importante centro termale di Chianciano Terme. Poco distante da Siena Poggio Cantarello dispone di due camere, all'interno della casa, e di un'altra - in ristrutturazione - ricavata in un vecchio forno attiguo. Ogni camera dispone di bagno, Tv sat, e minibar. Gli Ambienti Un salotto con un antico - e funzionante - camino e un cucinotto sono a disposizione degli Ospiti. Gli Esterni Un ampio giardino, ricco di numerosi alberi ad alto fusto ed ulivi, circonda la casa. Gli Animali domestici I nostri quattro gatti (vedi loro foto qui sotto) vi daranno il benvenuto e vi insegneranno l'arte del rilassamento. Poggio Cantarello dispone di due camere, all'interno della casa, e di un'altra - in ristrutturazione - ricavata in un vecchio forno attiguo. Tutte le camere hanno spazi e forme differenti, vista sulla campagna circostante, soffitti con travi - vedi fotografia a lato - e sono arredate in modo semplice e con antichi armadi in arte povera.","og_url":"https:\/\/casavacanzatoscana.it\/","og_site_name":"Poggio Cantarello Maisonette de Campagne Toscane","article_modified_time":"2026-01-11T14:28:38+00:00","og_image":[{"width":1920,"height":1080,"url":"https:\/\/casavacanzatoscana.it\/wp-content\/uploads\/2018\/02\/1920x1080.jpg","type":"image\/jpeg"}],"twitter_card":"summary_large_image","twitter_title":"Poggio Cantarello Country Home Tuscany","twitter_description":"Poggio Cantarello \u00e8 un casale in pietra e mattoni del 1800, collocato su una dolce collinetta, immerso nella calma e nel verde della campagna (website hidden) puoi raggiungere facilmente: siamo a 5 minuti dall'autostrada A1, tra la citt\u00e0 etrusca di Chiusi e l'importante centro termale di Chianciano Terme. Poco distante da Siena Poggio Cantarello dispone di due camere, all'interno della casa, e di un'altra - in ristrutturazione - ricavata in un vecchio forno attiguo. Ogni camera dispone di bagno, Tv sat, e minibar. Gli Ambienti Un salotto con un antico - e funzionante - camino e un cucinotto sono a disposizione degli Ospiti. Gli Esterni Un ampio giardino, ricco di numerosi alberi ad alto fusto ed ulivi, circonda la casa. Gli Animali domestici I nostri quattro gatti (vedi loro foto qui sotto) vi daranno il benvenuto e vi insegneranno l'arte del rilassamento. Poggio Cantarello dispone di due camere, all'interno della casa, e di un'altra - in ristrutturazione - ricavata in un vecchio forno attiguo. Tutte le camere hanno spazi e forme differenti, vista sulla campagna circostante, soffitti con travi - vedi fotografia a lato - e sono arredate in modo semplice e con antichi armadi in arte povera.","twitter_image":"https:\/\/casavacanzatoscana.it\/wp-content\/uploads\/2018\/02\/1920x1080.jpg","twitter_misc":{"Dur\u00e9e de lecture estim\u00e9e":"3 minutes"},"schema":{"@context":"https:\/\/schema.org","@graph":[{"@type":"WebPage","@id":"https:\/\/casavacanzatoscana.it\/","url":"https:\/\/casavacanzatoscana.it\/","name":"Casa Vacanze Toscana \"Poggio Cantarello Country Home\"","isPartOf":{"@id":"https:\/\/casavacanzatoscana.it\/#website"},"primaryImageOfPage":{"@id":"https:\/\/casavacanzatoscana.it\/#primaryimage"},"image":{"@id":"https:\/\/casavacanzatoscana.it\/#primaryimage"},"thumbnailUrl":"https:\/\/casavacanzatoscana.it\/wp-content\/uploads\/2025\/12\/paesaggio-rurale-con-fattoria-1200x540-1.webp","datePublished":"2015-09-29T22:46:08+00:00","dateModified":"2026-01-11T14:28:38+00:00","description":"Casa vacanza toscana Poggio Cantarello nella campagna senese per trascorrere le vacanze in pieno benessere e relax %","breadcrumb":{"@id":"https:\/\/casavacanzatoscana.it\/#breadcrumb"},"inLanguage":"fr-FR","potentialAction":[{"@type":"ReadAction","target":["https:\/\/casavacanzatoscana.it\/"]}]},{"@type":"ImageObject","inLanguage":"fr-FR","@id":"https:\/\/casavacanzatoscana.it\/#primaryimage","url":"https:\/\/casavacanzatoscana.it\/wp-content\/uploads\/2025\/12\/paesaggio-rurale-con-fattoria-1200x540-1.webp","contentUrl":"https:\/\/casavacanzatoscana.it\/wp-content\/uploads\/2025\/12\/paesaggio-rurale-con-fattoria-1200x540-1.webp"},{"@type":"BreadcrumbList","@id":"https:\/\/casavacanzatoscana.it\/#breadcrumb","itemListElement":[{"@type":"ListItem","position":1,"name":"Home","item":"https:\/\/casavacanzatoscana.it\/"},{"@type":"ListItem","position":2,"name":"Casa Vacanza Toscana"}]},{"@type":"WebSite","@id":"https:\/\/casavacanzatoscana.it\/#website","url":"https:\/\/casavacanzatoscana.it\/","name":"{:it}Casa Vacanza Toscana Poggio Cantarello{:}{:en}Poggio Cantarello Country Home Tuscany{:}{:fr}Poggio Cantarello Maisonette de Campagne Toscane{:}","description":"Relax et bien-\u00eatre","publisher":{"@id":"https:\/\/casavacanzatoscana.it\/#\/schema\/person\/4358e1e39963cda68187c3d35f84e07d"},"potentialAction":[{"@type":"SearchAction","target":{"@type":"EntryPoint","urlTemplate":"https:\/\/casavacanzatoscana.it\/?s={search_term_string}"},"query-input":{"@type":"PropertyValueSpecification","valueRequired":true,"valueName":"search_term_string"}}],"inLanguage":"fr-FR"},{"@type":["Person","Organization"],"@id":"https:\/\/casavacanzatoscana.it\/#\/schema\/person\/4358e1e39963cda68187c3d35f84e07d","name":"casavac2","image":{"@type":"ImageObject","inLanguage":"fr-FR","@id":"https:\/\/secure.gravatar.com\/avatar\/21f5c1240386d20f2792f697d241b5c09087e44d1ac9901457718f0be0052309?s=96&d=mm&r=g","url":"https:\/\/secure.gravatar.com\/avatar\/21f5c1240386d20f2792f697d241b5c09087e44d1ac9901457718f0be0052309?s=96&d=mm&r=g","contentUrl":"https:\/\/secure.gravatar.com\/avatar\/21f5c1240386d20f2792f697d241b5c09087e44d1ac9901457718f0be0052309?s=96&d=mm&r=g","caption":"casavac2"},"logo":{"@id":"https:\/\/secure.gravatar.com\/avatar\/21f5c1240386d20f2792f697d241b5c09087e44d1ac9901457718f0be0052309?s=96&d=mm&r=g"}}]}},"_links":{"self":[{"href":"https:\/\/casavacanzatoscana.it\/fr\/wp-json\/wp\/v2\/pages\/10","targetHints":{"allow":["GET"]}}],"collection":[{"href":"https:\/\/casavacanzatoscana.it\/fr\/wp-json\/wp\/v2\/pages"}],"about":[{"href":"https:\/\/casavacanzatoscana.it\/fr\/wp-json\/wp\/v2\/types\/page"}],"author":[{"embeddable":true,"href":"https:\/\/casavacanzatoscana.it\/fr\/wp-json\/wp\/v2\/users\/1"}],"replies":[{"embeddable":true,"href":"https:\/\/casavacanzatoscana.it\/fr\/wp-json\/wp\/v2\/comments?post=10"}],"version-history":[{"count":0,"href":"https:\/\/casavacanzatoscana.it\/fr\/wp-json\/wp\/v2\/pages\/10\/revisions"}],"wp:attachment":[{"href":"https:\/\/casavacanzatoscana.it\/fr\/wp-json\/wp\/v2\/media?parent=10"}],"curies":[{"name":"wp","href":"https:\/\/api.w.org\/{rel}","templated":true}]}}